{"id":2313,"date":"2024-10-30T09:03:55","date_gmt":"2024-10-30T09:03:55","guid":{"rendered":"https:\/\/www.mvz-orangerie.de\/?page_id=2313"},"modified":"2026-03-27T10:12:18","modified_gmt":"2026-03-27T10:12:18","slug":"akuttermine","status":"publish","type":"page","link":"https:\/\/www.mvz-orangerie.de\/?page_id=2313","title":{"rendered":"Akuttermine"},"content":{"rendered":"<div>\n<p style=\"text-align: left;\"><strong>Gesetzlich Versicherte<\/strong> mit Beschwerden<br \/>haben <strong>4 M\u00f6glichkeiten<\/strong> f\u00fcr eine Terminvermittlung:<\/p>\n<hr \/>\n<ol>\n<li style=\"text-align: left;\">Mittels eines <strong>Vermittlungscodes<\/strong> (XXXX-XXXX-XXXX), den Sie vom Hausarzt erhalten, buchen Sie sich selbstst\u00e4ndig online unter <strong>www.eterminservice.de<\/strong> einen Arzttermin in unserer orthop\u00e4disch-unfallchirurgischen Praxis.<br \/>Zum gebuchten Termin bringen Sie bitte die entsprechende \u00dcberweisung und dem darauf notierten Vermittlungscode mit.\n<p>oder<\/p>\n<\/li>\n<li style=\"text-align: left;\">Sie kommen mit einem \u00dcberweisungsschein vom Hausarzt und dem Vermerk <strong>&#8222;Hausarztvermittlungsfall&#8220;<\/strong> oder \u201edringende Abkl\u00e4rung\u201c und erhalten innerhalb von vier Tagen einen Termin zur Akutsprechstunde.<br \/><em><strong>Wichtig:<br \/><\/strong><\/em>Das Ausstellungsdatum des \u00dcberweisungsscheins darf nicht \u00e4lter als vier Kalendertage sein.\n<p>oder<\/p>\n<\/li>\n<li style=\"text-align: left;\">\n<p><strong>Termine durch Anruf bei der 116117<\/p>\n<p><\/strong>Nach Anwahl der 116117 werden Sie mit der Landesvermittlungszentrale in Weimar verbunden. Im Folgenden haben Sie zwei M\u00f6glichkeiten:<\/p>\n<ul>\n<li>durch Wahl der <strong>Taste 1 gelangen Sie zur Vermittlung in eine Versorgungsebene,<\/strong><\/li>\n<li>durch Wahl der <strong>Taste 2 k\u00f6nnen Sie die Vermittlung von Terminen <\/strong>in Anspruch nehmen.<br \/>\u00a0\n<p><\/li>\n<\/ul>\n<\/li>\n<li style=\"text-align: left;\"><strong>Termine mittels Online-Befragung<\/strong><br \/><a href=\"https:\/\/patientennavi.116117.de\/api\/meinarzt\/5a46f423-388c-416d-9f3d-c241c0ac177e\"><img decoding=\"async\" src=\"https:\/\/patientennavi.116117.de\/api\/snippet\/defaultImage.svg\" crossorigin=\"anonymous\" aria-disabled=\"true\" style=\"width: 200px;\" \/><\/a><\/li>\n<\/ol>\n<\/div>\n<p><!--more--><br \/>\n<!-- {\"type\":\"layout\",\"children\":[{\"type\":\"section\",\"props\":{\"style\":\"default\",\"width\":\"default\",\"vertical_align\":\"middle\",\"title_position\":\"top-left\",\"title_rotation\":\"left\",\"title_breakpoint\":\"xl\",\"image_position\":\"center-center\"},\"children\":[{\"type\":\"row\",\"children\":[{\"type\":\"column\",\"props\":{\"position_sticky_breakpoint\":\"m\",\"image_position\":\"center-center\",\"media_overlay_gradient\":\"\"},\"children\":[{\"type\":\"text\",\"props\":{\"margin\":\"default\",\"column_breakpoint\":\"m\",\"content\":\"\n\n<p><\\\/p>\\n\n\n<p style=\\\"text-align: left;\\\"><strong>Gesetzlich Versicherte<\\\/strong> mit Beschwerden<br \\\/>haben <strong>4 M\\u00f6glichkeiten<\\\/strong> f\\u00fcr eine Terminvermittlung:<\\\/p>\\n\n\n<hr \\\/>\\n\n\n<ol>\\n\n\n<li style=\\\"text-align: left;\\\">Mittels eines <strong>Vermittlungscodes<\\\/strong> (XXXX-XXXX-XXXX), den Sie vom Hausarzt erhalten, buchen Sie sich selbstst\\u00e4ndig online unter <strong>www.eterminservice.de<\\\/strong> einen Arzttermin in unserer orthop\\u00e4disch-unfallchirurgischen Praxis.<br \\\/>Zum gebuchten Termin bringen Sie bitte die entsprechende \\u00dcberweisung und dem darauf notierten Vermittlungscode mit.<br \\\/><br \\\/>oder<br \\\/><br \\\/><\\\/li>\\n\n\n<li style=\\\"text-align: left;\\\">Sie kommen mit einem \\u00dcberweisungsschein vom Hausarzt und dem Vermerk <strong>\\\"Hausarztvermittlungsfall\\\"<\\\/strong> oder \\u201edringende Abkl\\u00e4rung\\u201c und erhalten innerhalb von vier Tagen einen Termin zur Akutsprechstunde.<br \\\/><em><strong>Wichtig:<br \\\/><\\\/strong><\\\/em>Das Ausstellungsdatum des \\u00dcberweisungsscheins darf nicht \\u00e4lter als vier Kalendertage sein.<br \\\/><br \\\/>oder<br \\\/><br \\\/><\\\/li>\\n\n\n<li style=\\\"text-align: left;\\\">\\n\n\n<p><strong>Termine durch Anruf bei der 116117<br \\\/><br \\\/><\\\/strong>Nach Anwahl der 116117 werden Sie mit der Landesvermittlungszentrale in Weimar verbunden. Im Folgenden haben Sie zwei M\\u00f6glichkeiten:<\\\/p>\\n\n\n<ul>\\n\n\n<li>durch Wahl der <strong>Taste 1 gelangen Sie zur Vermittlung in eine Versorgungsebene,<\\\/strong><\\\/li>\\n\n\n<li>durch Wahl der <strong>Taste 2 k\\u00f6nnen Sie die Vermittlung von Terminen <\\\/strong>in Anspruch nehmen.<br \\\/>\\u00a0<br \\\/><br \\\/><br \\\/><\\\/li>\\n<\\\/ul>\\n<\\\/li>\\n\n\n<li style=\\\"text-align: left;\\\"><strong>Termine mittels Online-Befragung<\\\/strong><br \\\/><a href=\\\"https:\\\/\\\/patientennavi.116117.de\\\/api\\\/meinarzt\\\/5a46f423-388c-416d-9f3d-c241c0ac177e\\\"><img src=\\\"https:\\\/\\\/patientennavi.116117.de\\\/api\\\/snippet\\\/defaultImage.svg\\\" crossorigin=\\\"anonymous\\\" aria-disabled=\\\"true\\\" style=\\\"width: 200px;\\\" \\\/><\\\/a><\\\/li>\\n<\\\/ol>\"},\"name\":\"Akuttermine Text\"},{\"type\":\"text\",\"props\":{\"margin\":\"default\",\"column_breakpoint\":\"m\",\"content\":\"\"}}]}]}]}],\"version\":\"2.7.22\"} --><\/p>\n","protected":false},"excerpt":{"rendered":"<p>Gesetzlich Versicherte mit Beschwerdenhaben 4 M\u00f6glichkeiten f\u00fcr eine Terminvermittlung: Mittels eines Vermittlungscodes (XXXX-XXXX-XXXX), den Sie vom Hausarzt erhalten, buchen Sie sich selbstst\u00e4ndig online unter www.eterminservice.de einen Arzttermin in unserer orthop\u00e4disch-unfallchirurgischen Praxis.Zum gebuchten Termin bringen Sie bitte die entsprechende \u00dcberweisung und dem darauf notierten Vermittlungscode mit. oder Sie kommen mit einem \u00dcberweisungsschein vom Hausarzt und dem [&hellip;]<\/p>\n","protected":false},"author":1,"featured_media":0,"parent":0,"menu_order":0,"comment_status":"closed","ping_status":"closed","template":"","meta":{"footnotes":""},"class_list":["post-2313","page","type-page","status-publish","hentry"],"aioseo_notices":[],"_links":{"self":[{"href":"https:\/\/www.mvz-orangerie.de\/index.php?rest_route=\/wp\/v2\/pages\/2313","targetHints":{"allow":["GET"]}}],"collection":[{"href":"https:\/\/www.mvz-orangerie.de\/index.php?rest_route=\/wp\/v2\/pages"}],"about":[{"href":"https:\/\/www.mvz-orangerie.de\/index.php?rest_route=\/wp\/v2\/types\/page"}],"author":[{"embeddable":true,"href":"https:\/\/www.mvz-orangerie.de\/index.php?rest_route=\/wp\/v2\/users\/1"}],"replies":[{"embeddable":true,"href":"https:\/\/www.mvz-orangerie.de\/index.php?rest_route=%2Fwp%2Fv2%2Fcomments&post=2313"}],"version-history":[{"count":20,"href":"https:\/\/www.mvz-orangerie.de\/index.php?rest_route=\/wp\/v2\/pages\/2313\/revisions"}],"predecessor-version":[{"id":2460,"href":"https:\/\/www.mvz-orangerie.de\/index.php?rest_route=\/wp\/v2\/pages\/2313\/revisions\/2460"}],"wp:attachment":[{"href":"https:\/\/www.mvz-orangerie.de\/index.php?rest_route=%2Fwp%2Fv2%2Fmedia&parent=2313"}],"curies":[{"name":"wp","href":"https:\/\/api.w.org\/{rel}","templated":true}]}}