{"id":2149,"date":"2022-05-23T07:30:53","date_gmt":"2022-05-23T07:30:53","guid":{"rendered":"https:\/\/www.mvz-orangerie.de\/?page_id=2149"},"modified":"2025-12-19T18:56:19","modified_gmt":"2025-12-19T18:56:19","slug":"stellenangebote","status":"publish","type":"page","link":"https:\/\/www.mvz-orangerie.de\/?page_id=2149","title":{"rendered":"Stellenangebote"},"content":{"rendered":"<h1>Wir Suchen <span class=\"uk-text-primary\">Sie<\/span><\/h1>\n<div>\n<p><span>Jetzt bewerben<\/span><br \/><span>Bitte schicken Sie Ihre aussagekr\u00e4ftigen Bewerbungsunterlagen an:<\/span><\/p>\n<p><span class=\"uk-text-primary\">MVZ an der Orangerie Gotha GmbH<\/span><br \/><span>Friedrichstra\u00dfe 14,<\/span><br \/><span>99867 Gotha<\/span><\/p>\n<p><span>Wir freuen uns auf Ihre Bewerbung!<\/span><\/p>\n<\/div>\n<h2>Offene Stellen<\/h2>\n<h3>Zur Unterst\u00fctzung unseres Teams suchen wir ab dem 01.01.2026<br \/>eine\/n Medizinische Fachangestellte\/n (MFA) <br \/>f\u00fcr eine unbefristete Stelle in Vollzeit oder Teilzeit. <br \/>Pers\u00f6nlich \u00fcberreichte Bewerbungsunterlagen nehmen wir gern entgegen.<\/h3>\n<p>\n    <a href=\"https:\/\/www.google.de\/maps\/place\/Friedrichstra\u00dfe+14,+99867+Gotha\/@50.9458103,10.7079361,17z\/data=!3m1!4b1!4m5!3m4!1s0x47a47bf8de1e14ed:0xbb5f22489ccb305!8m2!3d50.9458103!4d10.7101248\">MVZ an der Orangerie &#8211; Gotha <\/a>\n<\/p>\n<div>\n<p>_________________________________<\/p>\n<\/div>\n<h3>Unsere \u00d6ffnungszeiten<\/h3>\n<ul>\n<li>\n<h3>Montag<\/h3>\n<div>\n<p><span>09:00 \u2013 15:00 Uhr<\/span><\/p>\n<\/div>\n<\/li>\n<li>\n<h3>Dienstag<\/h3>\n<div>\n<p><span>09:00 \u2013 15:00 Uhr<\/span><\/p>\n<\/div>\n<\/li>\n<li>\n<h3>Mittwoch<\/h3>\n<div>\n<p><span>09:00 \u2013 15:00 Uhr<\/span><\/p>\n<\/div>\n<\/li>\n<li>\n<h3>Donnerstag<\/h3>\n<div>\n<p><span>09:00 \u2013 15:00 Uhr<\/span><\/p>\n<\/div>\n<\/li>\n<li>\n<h3>Freitag<\/h3>\n<div>\n<p><span>09:00 \u2013 14:00 Uhr<\/span><\/p>\n<\/div>\n<\/li>\n<\/ul>\n<p><!--more--><br \/>\n<!-- {\"name\":\"Careers\",\"type\":\"layout\",\"children\":[{\"name\":\"Wir Suchen Sie Stellenangebote \\u00dcberschrift\",\"type\":\"section\",\"props\":{\"width\":\"default\",\"padding\":\"large\",\"style\":\"default\",\"media\":\"images\\\/demo\\\/demo-image_01.jpg\",\"height_viewport\":false,\"media_advanced\":true,\"media_size\":\"cover\",\"media_background\":\"#00000000\",\"media_overlay\":\"rgba(0,0,0,0)\",\"image_position\":\"center-right\",\"vertical_align\":\"middle\",\"title_position\":\"top-left\",\"title_rotation\":\"left\",\"title_breakpoint\":\"xl\",\"image\":\"wp-content\\\/uploads\\\/2022\\\/05\\\/Slideshow1.jpg\",\"image_width\":\"690\",\"image_effect\":\"parallax\",\"image_parallax_bgy_start\":\"-50\",\"image_parallax_bgy_end\":\"120\",\"image_parallax_breakpoint\":\"m\",\"media_visibility\":\"l\"},\"children\":[{\"name\":\"\",\"type\":\"row\",\"props\":{\"layout\":\"1-2,1-2\",\"width\":\"default\",\"margin\":\"remove-vertical\",\"vertical_align\":true,\"match\":false,\"column_gap\":\"large\",\"row_gap\":\"large\"},\"children\":[{\"name\":\"\",\"type\":\"column\",\"props\":{\"image_position\":\"center-center\",\"vertical_align\":\"middle\",\"media_overlay_gradient\":\"\",\"width_medium\":\"1-2\",\"position_sticky_breakpoint\":\"m\"}},{\"name\":\"\",\"type\":\"column\",\"props\":{\"image_position\":\"center-center\",\"vertical_align\":\"middle\",\"media_overlay_gradient\":\"\",\"width_medium\":\"1-2\",\"order_first\":\"m\",\"position_sticky_breakpoint\":\"m\"},\"children\":[{\"name\":\"\",\"type\":\"headline\",\"props\":{\"title_element\":\"h1\",\"content\":\"Wir Suchen <span class=\\\"uk-text-primary\\\">Sie<\\\/span>\",\"title_decoration\":\"line\"}},{\"name\":\"\",\"type\":\"text\",\"props\":{\"margin\":\"default\",\"column_breakpoint\":\"m\",\"maxwidth\":\"medium\",\"content\":\"\n\n<p><span>Jetzt bewerben<\\\/span><br \\\/><span>Bitte schicken Sie Ihre aussagekr\\u00e4ftigen Bewerbungsunterlagen an:<\\\/span><br \\\/><br \\\/><span class=\\\"uk-text-primary\\\">MVZ an der Orangerie Gotha GmbH<\\\/span><br \\\/><span>Friedrichstra\\u00dfe 14,<\\\/span><br \\\/><span>99867 Gotha<\\\/span><br \\\/><br \\\/><span>Wir freuen uns auf Ihre Bewerbung!<\\\/span><\\\/p>\"}}]}]}]},{\"name\":\"Offene Stellen\",\"type\":\"section\",\"props\":{\"width\":\"default\",\"padding\":\"small\",\"style\":\"default\",\"padding_remove_top\":true,\"image_size\":\"cover\",\"image_position\":\"center-center\",\"vertical_align\":\"middle\",\"title_position\":\"top-left\",\"title_rotation\":\"left\",\"title_breakpoint\":\"xl\",\"padding_remove_bottom\":false,\"animation_delay\":false},\"children\":[{\"name\":\"\",\"type\":\"row\",\"children\":[{\"name\":\"\",\"type\":\"column\",\"props\":{\"image_position\":\"center-center\",\"media_overlay_gradient\":\"\",\"width_medium\":\"1-1\",\"position_sticky_breakpoint\":\"m\"},\"children\":[{\"name\":\"\",\"type\":\"headline\",\"props\":{\"title_element\":\"h2\",\"text_align\":\"justify\",\"content\":\"Offene Stellen\",\"title_style\":\"h3\",\"title_decoration\":\"bullet\",\"margin\":\"small\"}}]}]},{\"name\":\"\",\"type\":\"row\",\"props\":{\"layout\":\"1-2,1-2\",\"margin\":\"large\",\"column_gap\":\"large\",\"row_gap\":\"large\"},\"children\":[{\"name\":\"\",\"type\":\"column\",\"props\":{\"image_position\":\"center-center\",\"media_overlay_gradient\":\"\",\"width_medium\":\"1-2\",\"position_sticky_breakpoint\":\"m\"},\"children\":[{\"name\":\"\",\"type\":\"headline\",\"props\":{\"title_element\":\"h3\",\"content\":\"Zur Unterst\\u00fctzung unseres Teams suchen wir ab dem 01.01.2026<br \\\/>eine\\\/n Medizinische Fachangestellte\\\/n (MFA) <br \\\/>f\\u00fcr eine unbefristete Stelle in Vollzeit oder Teilzeit. <br \\\/>Pers\\u00f6nlich \\u00fcberreichte Bewerbungsunterlagen nehmen wir gern entgegen.\",\"title_color\":\"primary\"}},{\"name\":\"\",\"type\":\"button\",\"props\":{\"margin\":\"small\",\"grid_column_gap\":\"small\",\"grid_row_gap\":\"small\"},\"children\":[{\"name\":\"\",\"type\":\"button_item\",\"props\":{\"button_style\":\"link-muted\",\"icon_align\":\"left\",\"content\":\"MVZ an der Orangerie - Gotha \",\"icon\":\"location\",\"link_title\":\"Hamburg\",\"link\":\"https:\\\/\\\/www.google.de\\\/maps\\\/place\\\/Friedrichstra\\u00dfe+14,+99867+Gotha\\\/@50.9458103,10.7079361,17z\\\/data=!3m1!4b1!4m5!3m4!1s0x47a47bf8de1e14ed:0xbb5f22489ccb305!8m2!3d50.9458103!4d10.7101248\",\"link_target\":\"modal\",\"lightbox_width\":\"980\",\"lightbox_height\":\"700\"}}]},{\"name\":\"\",\"type\":\"text\",\"props\":{\"margin\":\"default\",\"column_breakpoint\":\"m\",\"content\":\"\n\n<p>_________________________________<\\\/p>\"}}]},{\"name\":\"\",\"type\":\"column\",\"props\":{\"image_position\":\"center-center\",\"media_overlay_gradient\":\"\",\"width_medium\":\"1-2\",\"position_sticky_breakpoint\":\"m\"},\"children\":[]}]}]},{\"name\":\"Bilder Praxisr\\u00e4ume\",\"type\":\"section\",\"props\":{\"style\":\"default\",\"width\":\"\",\"vertical_align\":\"middle\",\"title_position\":\"top-left\",\"title_rotation\":\"left\",\"title_breakpoint\":\"xl\",\"image_position\":\"center-center\",\"animation_delay\":false,\"padding_remove_bottom\":true,\"status\":\"disabled\"},\"children\":[{\"name\":\"\",\"type\":\"row\",\"props\":{\"width\":\"default\"},\"children\":[{\"name\":\"\",\"type\":\"column\",\"props\":{\"image_position\":\"center-center\",\"media_overlay_gradient\":\"\",\"width_medium\":\"1-1\",\"position_sticky_breakpoint\":\"m\"},\"children\":[{\"name\":\"\",\"type\":\"headline\",\"props\":{\"title_element\":\"h2\",\"content\":\"Unsere Praxis\",\"title_style\":\"h3\",\"title_decoration\":\"bullet\",\"text_align\":\"justify\",\"item_maxwidth\":\"small\",\"margin\":\"small\"}}]}]},{\"name\":\"\",\"type\":\"row\",\"children\":[{\"name\":\"\",\"type\":\"column\",\"props\":{\"image_position\":\"center-center\",\"media_overlay_gradient\":\"\",\"width_medium\":\"1-1\",\"position_sticky_breakpoint\":\"m\"},\"children\":[{\"name\":\"\",\"type\":\"gallery\",\"props\":{\"show_title\":false,\"show_meta\":true,\"show_content\":true,\"show_link\":true,\"show_hover_image\":true,\"grid_default\":\"2\",\"grid_medium\":\"\",\"overlay_mode\":\"cover\",\"overlay_hover\":false,\"overlay_style\":\"\",\"text_color\":\"light\",\"overlay_position\":\"center\",\"overlay_transition\":\"fade\",\"title_element\":\"h3\",\"meta_style\":\"meta\",\"meta_align\":\"below-title\",\"text_align\":\"center\",\"margin\":\"default\",\"image_width\":\"510\",\"grid_small\":\"3\",\"filter_style\":\"tab\",\"filter_all\":true,\"filter_position\":\"top\",\"filter_align\":\"left\",\"filter_grid_width\":\"auto\",\"link_text\":\"\",\"link_style\":\"default\",\"item_animation\":true,\"grid_column_gap\":\"medium\",\"grid_row_gap\":\"medium\",\"filter_grid_breakpoint\":\"m\",\"overlay_link\":true,\"title_hover_style\":\"reset\",\"meta_element\":\"div\"},\"children\":[{\"name\":\"\",\"type\":\"gallery_item\",\"props\":{\"image\":\"wp-content\\\/uploads\\\/careers-offices-01.jpg\",\"title\":\"Office\",\"hover_image\":null}},{\"name\":\"\",\"type\":\"gallery_item\",\"props\":{\"image\":\"wp-content\\\/uploads\\\/careers-offices-02.jpg\",\"title\":\"Headquarter\",\"hover_image\":null}},{\"name\":\"\",\"type\":\"gallery_item\",\"props\":{\"image\":\"wp-content\\\/uploads\\\/careers-offices-03.jpg\",\"title\":\"Workspace\",\"hover_image\":null}}]}]}]}]},{\"type\":\"section\",\"props\":{\"style\":\"default\",\"width\":\"default\",\"vertical_align\":\"middle\",\"title_position\":\"top-left\",\"title_rotation\":\"left\",\"title_breakpoint\":\"xl\",\"image_position\":\"center-center\"},\"children\":[{\"type\":\"row\",\"children\":[{\"type\":\"column\",\"props\":{\"position_sticky_breakpoint\":\"m\",\"image_position\":\"center-center\",\"media_overlay_gradient\":\"\"},\"children\":[{\"type\":\"headline\",\"props\":{\"title_element\":\"h3\",\"title_decoration\":\"bullet\",\"content\":\"Unsere \\u00d6ffnungszeiten\"}},{\"name\":\"Sprechzeiten\",\"type\":\"grid\",\"props\":{\"show_title\":true,\"show_meta\":true,\"show_content\":true,\"show_image\":true,\"show_link\":true,\"grid_default\":\"1\",\"grid_medium\":\"5\",\"title_element\":\"h3\",\"meta_style\":\"meta\",\"meta_align\":\"below-title\",\"icon_ratio\":\"2\",\"image_align\":\"top\",\"image_grid_width\":\"1-2\",\"link_text\":\"Read more\",\"link_style\":\"default\",\"margin\":\"medium\",\"text_align\":\"center\",\"grid_small\":\"2\",\"filter_style\":\"tab\",\"filter_all\":true,\"filter_position\":\"top\",\"filter_align\":\"left\",\"filter_grid_width\":\"auto\",\"title_align\":\"top\",\"title_grid_width\":\"1-2\",\"image_svg_color\":\"emphasis\",\"item_animation\":true,\"title_hover_style\":\"reset\",\"grid_column_gap\":\"large\",\"grid_row_gap\":\"large\",\"filter_grid_breakpoint\":\"m\",\"title_grid_breakpoint\":\"m\",\"image_grid_breakpoint\":\"m\",\"content_column_breakpoint\":\"m\",\"icon_width\":\"40\",\"meta_element\":\"div\"},\"children\":[{\"name\":\"\",\"type\":\"grid_item\",\"props\":{\"title\":\"Montag\",\"content\":\"\n\n<p><span>09:00 \\u2013 15:00 Uhr<\\\/span><\\\/p>\",\"icon\":\"\"}},{\"name\":\"\",\"type\":\"grid_item\",\"props\":{\"title\":\"Dienstag\",\"content\":\"\n\n<p><span>09:00 \\u2013 15:00 Uhr<\\\/span><\\\/p>\",\"icon\":\"\"}},{\"name\":\"\",\"type\":\"grid_item\",\"props\":{\"title\":\"Mittwoch\",\"content\":\"\n\n<p><span>09:00 \\u2013 15:00 Uhr<\\\/span><\\\/p>\",\"icon\":\"\"}},{\"name\":\"\",\"type\":\"grid_item\",\"props\":{\"title\":\"Donnerstag\",\"content\":\"\n\n<p><span>09:00 \\u2013 15:00 Uhr<\\\/span><\\\/p>\",\"icon\":\"\"}},{\"name\":\"\",\"type\":\"grid_item\",\"props\":{\"title\":\"Freitag\",\"content\":\"\n\n<p><span>09:00 \\u2013 14:00 Uhr<\\\/span><\\\/p>\",\"icon\":\"\"}}]}]}]}],\"name\":\"\\u00d6ffnungszeiten\"}],\"version\":\"2.7.22\"} --><\/p>\n","protected":false},"excerpt":{"rendered":"<p>Wir Suchen Sie Jetzt bewerbenBitte schicken Sie Ihre aussagekr\u00e4ftigen Bewerbungsunterlagen an: MVZ an der Orangerie Gotha GmbHFriedrichstra\u00dfe 14,99867 Gotha Wir freuen uns auf Ihre Bewerbung! Offene Stellen Zur Unterst\u00fctzung unseres Teams suchen wir ab dem 01.01.2026eine\/n Medizinische Fachangestellte\/n (MFA) f\u00fcr eine unbefristete Stelle in Vollzeit oder Teilzeit. Pers\u00f6nlich \u00fcberreichte Bewerbungsunterlagen nehmen wir gern entgegen. MVZ [&hellip;]<\/p>\n","protected":false},"author":1,"featured_media":0,"parent":0,"menu_order":0,"comment_status":"closed","ping_status":"closed","template":"","meta":{"footnotes":""},"class_list":["post-2149","page","type-page","status-publish","hentry"],"aioseo_notices":[],"_links":{"self":[{"href":"https:\/\/www.mvz-orangerie.de\/index.php?rest_route=\/wp\/v2\/pages\/2149","targetHints":{"allow":["GET"]}}],"collection":[{"href":"https:\/\/www.mvz-orangerie.de\/index.php?rest_route=\/wp\/v2\/pages"}],"about":[{"href":"https:\/\/www.mvz-orangerie.de\/index.php?rest_route=\/wp\/v2\/types\/page"}],"author":[{"embeddable":true,"href":"https:\/\/www.mvz-orangerie.de\/index.php?rest_route=\/wp\/v2\/users\/1"}],"replies":[{"embeddable":true,"href":"https:\/\/www.mvz-orangerie.de\/index.php?rest_route=%2Fwp%2Fv2%2Fcomments&post=2149"}],"version-history":[{"count":36,"href":"https:\/\/www.mvz-orangerie.de\/index.php?rest_route=\/wp\/v2\/pages\/2149\/revisions"}],"predecessor-version":[{"id":2411,"href":"https:\/\/www.mvz-orangerie.de\/index.php?rest_route=\/wp\/v2\/pages\/2149\/revisions\/2411"}],"wp:attachment":[{"href":"https:\/\/www.mvz-orangerie.de\/index.php?rest_route=%2Fwp%2Fv2%2Fmedia&parent=2149"}],"curies":[{"name":"wp","href":"https:\/\/api.w.org\/{rel}","templated":true}]}}