{"id":2119,"date":"2022-05-22T12:32:10","date_gmt":"2022-05-22T12:32:10","guid":{"rendered":"https:\/\/www.mvz-orangerie.de\/?page_id=2119"},"modified":"2022-06-14T10:13:06","modified_gmt":"2022-06-14T10:13:06","slug":"anfahrt","status":"publish","type":"page","link":"https:\/\/www.mvz-orangerie.de\/?page_id=2119","title":{"rendered":"Anfahrt"},"content":{"rendered":"<ul>\n<li>\n<p>50.9463,10.7102<\/p>\n<h3>MVZ an der Orangerie Gotha GmbH<\/h3>\n<div>\n<p><span><strong>Facharztpraxis f\u00fcr Orthop\u00e4die und Unfallchirurgie<\/strong><br \/><\/span><span>Dr. med. Matthias Berle<br \/><\/span><span>Dr. med. Roger Machmerth<\/span><\/p>\n<p><span>Friedrichstra\u00dfe 14<br \/>99867 Gotha<\/span><\/p>\n<\/div>\n<\/li>\n<li>\n<p>50.9477,10.7100<\/p>\n<h3>Parkm\u00f6glichkeit 1 &#8211; Parkplatz am Perthesforum<\/h3>\n<div>\n<p>\u00f6ffentliche Parkplatz am Perthesforum<\/p>\n<\/div>\n<\/li>\n<li>\n<p>50.9441,10.7100<\/p>\n<h3>Parkm\u00f6glichkeit 2 &#8211; Parkplatz am Marstall<\/h3>\n<div>\n<p>\u00f6ffentliche Parkplatz am Marstall<\/p>\n<\/div>\n<\/li>\n<li>\n<p>50.9477,10.7083<\/p>\n<h3>Parkm\u00f6glichkeit 3 &#8211; Parkplatz Philosophenweg<\/h3>\n<div>\n<p>\u00f6ffentliche Parkplatz Philosophenweg<\/p>\n<\/div>\n<\/li>\n<li>\n<p>50.9460,10.7114<\/p>\n<h3>Parkm\u00f6glichkeit 4 &#8211; Helenenstra\u00dfe<\/h3>\n<div>\n<p>gesamte Helenenstra\u00dfe<\/p>\n<\/div>\n<\/li>\n<\/ul>\n<h1>Unsere Parkm\u00f6glichkeiten<\/h1>\n<p><a href=\"https:\/\/www.google.de\/maps\/place\/Justus-Perthes-Stra\u00dfe+1,+99867+Gotha\/@50.9476934,10.7077713,778m\/data=!3m2!1e3!4b1!4m5!3m4!1s0x47a47bf9b46c7f05:0x52cc29b2748b0a82!8m2!3d50.94769!4d10.70996\"><img decoding=\"async\" src=\"\/wp-content\/uploads\/2022\/05\/Parken1.jpg\" alt=\"\"><\/a><\/p>\n<h2>Parkm\u00f6glichkeit 1 &#8211; <strong>Parkplatz am Perthesforum<\/strong><\/h2>\n<div>\n<p><span>Der <strong>\u00f6ffentliche Parkplatz am Perthesforum<\/strong> bietet allen Patienten die M\u00f6glichkeit in der direkten Nachbarschaft zum MVZ an der Orangerie zu Parken.<\/span><\/p>\n<\/div>\n<ul>\n<li>\n<h3>Kategorie<\/h3>\n<div>\n<p><span>\u00f6ffentlicher Parkplatz<\/span><\/p>\n<\/div>\n<\/li>\n<li>\n<h3>Adresse<\/h3>\n<p><a href=\"https:\/\/www.google.de\/maps\/place\/Justus-Perthes-Stra\u00dfe+1,+99867+Gotha\/@50.9476934,10.7077713,778m\/data=!3m2!1e3!4b1!4m5!3m4!1s0x47a47bf9b46c7f05:0x52cc29b2748b0a82!8m2!3d50.94769!4d10.70996\"><\/p>\n<p><span> Justus-Perthes-Stra\u00dfe 1-3, 99867 Gotha<\/span><\/p>\n<p><\/a><\/p>\n<\/li>\n<li>\n<h3>Uhrzeiten<\/h3>\n<div>\n<p>24h<\/p>\n<\/div>\n<\/li>\n<li>\n<h3>Geb\u00fchren<\/h3>\n<div>\n<p>geb\u00fchrenpflichtig<\/p>\n<\/div>\n<\/li>\n<\/ul>\n<p><a href=\"https:\/\/www.google.de\/maps\/place\/Wohnmobil+Stellplatz+Gotha\/@50.9440833,10.708987,194m\/data=!3m1!1e3!4m5!3m4!1s0x47a47bff29b21e15:0xa49a238f7a17439f!8m2!3d50.9440479!4d10.7096492\"><img decoding=\"async\" src=\"\/wp-content\/uploads\/2022\/05\/Parken2.jpg\" alt=\"\"><\/a><\/p>\n<h2>Parkm\u00f6glichkeit 2 &#8211; <strong>Parkplatz am Marstall<\/strong><\/h2>\n<div>\n<p>Der geb\u00fchrenfreie, <strong>\u00f6ffentliche Parkplatz am Marstallplatz<\/strong> bietet mit seinen 80 Stellpl\u00e4tzen gen\u00fcgend Kapazit\u00e4ten.<\/p>\n<\/div>\n<ul>\n<li>\n<h3>Kategorie<\/h3>\n<div>\n<p>\u00f6ffentlicher Parkplatz<\/p>\n<\/div>\n<\/li>\n<li>\n<h3>Adresse<\/h3>\n<p><a href=\"https:\/\/www.google.de\/maps\/place\/Wohnmobil+Stellplatz+Gotha\/@50.9440833,10.708987,194m\/data=!3m1!1e3!4m5!3m4!1s0x47a47bff29b21e15:0xa49a238f7a17439f!8m2!3d50.9440479!4d10.7096492\"><\/p>\n<p><span>Marstall, Parkallee 1A, 99867 Gotha<\/span><\/p>\n<p><\/a><\/p>\n<\/li>\n<li>\n<h3>Uhrzeit<\/h3>\n<div>\n<p><span>10.00-15.00<\/span><\/p>\n<\/div>\n<\/li>\n<li>\n<h3>Geb\u00fchren<\/h3>\n<div>\n<p>geb\u00fchrenpflichtig; H\u00f6chstparkdauer 4h mit Parkuhr<\/p>\n<\/div>\n<\/li>\n<\/ul>\n<p><a href=\"https:\/\/www.google.de\/maps\/place\/Parkplatz+Philosophenweg\/@50.9472834,10.7047813,778m\/data=!3m1!1e3!4m13!1m7!3m6!1s0x47a47c0778e7d497:0x8f517e4093c6f50e!2sSiebleber-Wall+8,+99867+Gotha!3b1!8m2!3d50.94728!4d10.70697!3m4!1s0x47a47bf87f3e8829:0x110c68d34cb94084!8m2!3d50.9475865!4d10.7077859\"><img decoding=\"async\" src=\"\/wp-content\/uploads\/2022\/05\/Parken3.jpg\" alt=\"\"><\/a><\/p>\n<h2>Parkm\u00f6glichkeit 3 &#8211; <strong>Parkplatz Philosophenweg<\/strong><\/h2>\n<div>\n<p><span>Der geb\u00fchrenfreie, <\/span><strong>\u00f6ffentliche Parkplatz am Philosophenweg<\/strong><span> bietet mit seinen 36 Stellpl\u00e4tzen ausreichend Kapazit\u00e4ten.<\/span><\/p>\n<\/div>\n<ul>\n<li>\n<h3>Kategorie<\/h3>\n<div>\n<p>\u00f6ffentlicher Parkplatz<\/p>\n<\/div>\n<\/li>\n<li>\n<h3>Adresse<\/h3>\n<p><a href=\"https:\/\/www.google.de\/maps\/place\/Parkplatz+Philosophenweg\/@50.9472834,10.7047813,778m\/data=!3m1!1e3!4m13!1m7!3m6!1s0x47a47c0778e7d497:0x8f517e4093c6f50e!2sSiebleber-Wall+8,+99867+Gotha!3b1!8m2!3d50.94728!4d10.70697!3m4!1s0x47a47bf87f3e8829:0x110c68d34cb94084!8m2!3d50.9475865!4d10.7077859\"><\/p>\n<p><span>Siebleber-Wall 8, 99867 Gotha<\/span><\/p>\n<p><\/a><\/p>\n<\/li>\n<li>\n<h3>Uhrzeit<\/h3>\n<div>\n<p><span>24h<\/span><\/p>\n<\/div>\n<\/li>\n<li>\n<h3>Geb\u00fchren<\/h3>\n<div>\n<p>geb\u00fchrenpflichtig<\/p>\n<\/div>\n<\/li>\n<\/ul>\n<p><a href=\"https:\/\/www.google.de\/maps\/place\/Helenenstra\u00dfe,+99867+Gotha\/@50.9465014,10.7110733,778m\/data=!3m2!1e3!4b1!4m5!3m4!1s0x47a47bf979ea92cd:0x41b11ef62b656a5a!8m2!3d50.946498!4d10.713262\"><img decoding=\"async\" src=\"\/wp-content\/uploads\/2022\/05\/Parken4.jpg\" alt=\"Helenenstra\u00dfe\"><\/a><\/p>\n<h2>Parkm\u00f6glichkeit 4 &#8211; <strong>gesamte Helenenstra\u00dfe<\/strong><\/h2>\n<div>\n<p>Entlang der Helenenstra\u00dfe bieten sich ausreichende Parkm\u00f6glichkeiten.<\/p>\n<\/div>\n<ul>\n<li>\n<h3>Kategorie<\/h3>\n<div>\n<p>\u00f6ffentlicher Parkraum<\/p>\n<\/div>\n<\/li>\n<li>\n<h3>Adresse<\/h3>\n<p><a href=\"https:\/\/www.google.de\/maps\/place\/Helenenstra\u00dfe,+99867+Gotha\/@50.9465014,10.7110733,778m\/data=!3m2!1e3!4b1!4m5!3m4!1s0x47a47bf979ea92cd:0x41b11ef62b656a5a!8m2!3d50.946498!4d10.713262\"><\/p>\n<p><span>Gesamte Helenenstra\u00dfe, 99867 Gotha<\/span><\/p>\n<p><\/a><\/p>\n<\/li>\n<li>\n<h3>Uhrzeit<\/h3>\n<div>\n<p><span>24h<\/span><\/p>\n<\/div>\n<\/li>\n<li>\n<h3>Geb\u00fchren<\/h3>\n<div>\n<p>geb\u00fchrenfrei<\/p>\n<\/div>\n<\/li>\n<\/ul>\n<h1>Erreichbarkeit<\/h1>\n<h1>\n<p>Sie erreichen uns \u00fcber folgende Wege<\/p>\n<\/h1>\n<div>\n<h4>Zu Fu\u00df, per Auto, per Stra\u00dfenbahn oder per Bus. Unsere Praxis ist Rollstuhlgerecht eingerichtet.<\/h4>\n<\/div>\n<ul>\n<li>\n<div>\n<p><strong>Auto \u2014 <\/strong>Parkpl\u00e4tze finden Sie am Perthesforum, am Marstall, am Philosophenweg und entlang der Helenenstra\u00dfe.<\/p>\n<\/div>\n<\/li>\n<li>\n<div>\n<p><strong>Stra\u00dfenbahn \u2014 <\/strong> Aus der Innenstadt erreichen Sie uns \u00fcber die Linien 1,2,4. Die passende Haltestelle w\u00e4re &#8222;Haltestelle Orangerie Gotha&#8220;.<\/p>\n<\/div>\n<\/li>\n<li>\n<div>\n<p><strong>Stadtbus \u2014<\/strong>Vom Hauptbahnhof erreichen Sie uns \u00fcber die Linie A1<\/p>\n<\/div>\n<\/li>\n<li>\n<div>\n<p><strong>Zu Fu\u00df \u2014 <\/strong> In der Friedrichstra\u00dfe 14 direkt neben der Orangerie finden Sie das MVZ Gotha.<\/p>\n<\/div>\n<\/li>\n<\/ul>\n<p><!--more--><br \/>\n<!-- {\"name\":\"Anfahrt\",\"type\":\"layout\",\"children\":[{\"name\":\"Map\",\"type\":\"section\",\"props\":{\"width\":\"\",\"padding\":\"none\",\"style\":\"default\",\"media\":\"images\\\/demo\\\/demo-image_01.jpg\",\"image_size\":\"cover\",\"padding_remove_top\":true,\"vertical_align\":\"middle\",\"title_position\":\"top-left\",\"title_rotation\":\"left\",\"title_breakpoint\":\"xl\",\"image_position\":\"center-center\"},\"children\":[{\"name\":\"\",\"type\":\"row\",\"children\":[{\"name\":\"\",\"type\":\"column\",\"props\":{\"image_position\":\"center-center\",\"width_medium\":\"1-1\",\"position_sticky_breakpoint\":\"m\",\"media_overlay_gradient\":\"\"},\"children\":[{\"name\":\"\",\"type\":\"map\",\"props\":{\"type\":\"roadmap\",\"zoom\":\"16.4\",\"controls\":true,\"zooming\":false,\"dragging\":true,\"show_title\":true,\"styler_saturation\":\"-95\",\"styler_gamma\":\"\",\"styler_hue\":\"#e5e3df\",\"styler_lightness\":\"30\",\"height\":\"530\",\"show_meta\":true,\"show_content\":true,\"show_image\":true,\"show_link\":true,\"min_zoom\":0,\"max_zoom\":18,\"title_hover_style\":\"reset\",\"title_element\":\"h3\",\"meta_style\":\"meta\",\"meta_align\":\"below-title\",\"meta_element\":\"div\",\"image_svg_color\":\"emphasis\",\"link_text\":\"Read more\",\"link_style\":\"default\",\"margin\":\"default\",\"clustering\":false,\"popup_max_width\":\"\"},\"children\":[{\"name\":\"\",\"type\":\"map_item\",\"props\":{\"location\":\"50.9463,10.7102\",\"title\":\"MVZ an der Orangerie Gotha GmbH\",\"content\":\"\n\n<p><span><strong>Facharztpraxis f\\u00fcr Orthop\\u00e4die und Unfallchirurgie<\\\/strong><br \\\/><\\\/span><span>Dr. med. Matthias Berle<br \\\/><\\\/span><span>Dr. med. Roger Machmerth<\\\/span><\\\/p>\\n\n\n<p><span>Friedrichstra\\u00dfe 14<br \\\/>99867 Gotha<\\\/span><\\\/p>\",\"show_popup\":false,\"marker_icon\":\"wp-content\\\/uploads\\\/2022\\\/05\\\/Logo-Orangerie-Marker.png\"}},{\"name\":\"\",\"type\":\"map_item\",\"props\":{\"location\":\"50.9477,10.7100\",\"title\":\"Parkm\\u00f6glichkeit 1 - Parkplatz am Perthesforum\",\"content\":\"\n\n<p>\\u00f6ffentliche Parkplatz am Perthesforum<\\\/p>\"}},{\"name\":\"\",\"type\":\"map_item\",\"props\":{\"location\":\"50.9441,10.7100\",\"content\":\"\n\n<p>\\u00f6ffentliche Parkplatz am Marstall<\\\/p>\",\"title\":\"Parkm\\u00f6glichkeit 2 - Parkplatz am Marstall\"}},{\"name\":\"\",\"type\":\"map_item\",\"props\":{\"location\":\"50.9477,10.7083\",\"content\":\"\n\n<p>\\u00f6ffentliche Parkplatz Philosophenweg<\\\/p>\",\"title\":\"Parkm\\u00f6glichkeit 3 - Parkplatz Philosophenweg\"}},{\"name\":\"\",\"type\":\"map_item\",\"props\":{\"location\":\"50.9460,10.7114\",\"content\":\"\n\n<p>gesamte Helenenstra\\u00dfe<\\\/p>\",\"title\":\"Parkm\\u00f6glichkeit 4 - Helenenstra\\u00dfe\"}}]}]}]}]},{\"name\":\"Tagline\",\"type\":\"section\",\"props\":{\"style\":\"default\",\"width\":\"default\",\"image_size\":\"cover\",\"vertical_align\":\"middle\",\"title_position\":\"top-left\",\"title_rotation\":\"left\",\"title_breakpoint\":\"xl\",\"image_position\":\"center-center\"},\"children\":[{\"name\":\"\",\"type\":\"row\",\"children\":[{\"name\":\"\",\"type\":\"column\",\"props\":{\"image_position\":\"center-center\",\"width_medium\":\"1-1\",\"position_sticky_breakpoint\":\"m\",\"media_overlay_gradient\":\"\"},\"children\":[{\"name\":\"\",\"type\":\"headline\",\"props\":{\"title_element\":\"h1\",\"content\":\"Unsere Parkm\\u00f6glichkeiten\",\"text_align\":\"left\",\"maxwidth\":\"xlarge\",\"title_style\":\"h4\",\"title_decoration\":\"bullet\",\"margin\":\"small\",\"margin_remove_bottom\":false}}]}],\"props\":{\"column_gap\":\"small\",\"margin\":\"small\",\"margin_remove_top\":true,\"margin_remove_bottom\":true}}]},{\"name\":\"Parkm\\u00f6glichkeit \",\"type\":\"section\",\"props\":{\"style\":\"default\",\"width\":\"default\",\"image_size\":\"cover\",\"padding_remove_top\":true,\"vertical_align\":\"middle\",\"title_position\":\"top-left\",\"title_rotation\":\"left\",\"title_breakpoint\":\"xl\",\"image_position\":\"center-center\"},\"children\":[{\"name\":\"\",\"type\":\"row\",\"props\":{\"layout\":\"1-2,1-2\",\"column_gap\":\"large\",\"row_gap\":\"large\"},\"children\":[{\"name\":\"\",\"type\":\"column\",\"props\":{\"image_position\":\"center-center\",\"width_medium\":\"1-2\",\"position_sticky_breakpoint\":\"m\",\"media_overlay_gradient\":\"\"},\"children\":[{\"name\":\"\",\"type\":\"image\",\"props\":{\"margin\":\"default\",\"image\":\"wp-content\\\/uploads\\\/2022\\\/05\\\/Parken1.jpg\",\"image_alt\":\"\",\"image_width\":\"900\",\"image_svg_color\":\"emphasis\",\"link\":\"https:\\\/\\\/www.google.de\\\/maps\\\/place\\\/Justus-Perthes-Stra\\u00dfe+1,+99867+Gotha\\\/@50.9476934,10.7077713,778m\\\/data=!3m2!1e3!4b1!4m5!3m4!1s0x47a47bf9b46c7f05:0x52cc29b2748b0a82!8m2!3d50.94769!4d10.70996\",\"link_target\":\"blank\"}}]},{\"name\":\"\",\"type\":\"column\",\"props\":{\"image_position\":\"center-center\",\"width_medium\":\"1-2\",\"position_sticky_breakpoint\":\"m\",\"media_overlay_gradient\":\"\"},\"children\":[{\"name\":\"\",\"type\":\"headline\",\"props\":{\"title_element\":\"h2\",\"content\":\"Parkm\\u00f6glichkeit 1 - <strong>Parkplatz am Perthesforum<\\\/strong>\",\"title_decoration\":\"line\",\"title_style\":\"h3\"}},{\"name\":\"\",\"type\":\"text\",\"props\":{\"column_breakpoint\":\"m\",\"margin\":\"default\",\"content\":\"\n\n<p><span>Der <strong>\\u00f6ffentliche Parkplatz am Perthesforum<\\\/strong> bietet allen Patienten die M\\u00f6glichkeit in der direkten Nachbarschaft zum MVZ an der Orangerie zu Parken.<\\\/span><\\\/p>\"}},{\"name\":\"Description List\",\"type\":\"description_list\",\"props\":{\"margin\":\"medium\",\"margin_remove_bottom\":true,\"list_size\":\"\",\"show_title\":true,\"show_meta\":true,\"show_content\":true,\"show_link\":true,\"layout\":\"grid-2\",\"meta_style\":\"meta\",\"meta_align\":\"below-content\",\"title_color\":\"muted\",\"title_grid_column_gap\":\"small\",\"title_grid_row_gap\":\"small\",\"title_grid_width\":\"auto\",\"list_element\":\"ul\",\"column_breakpoint\":\"m\",\"title_element\":\"div\"},\"children\":[{\"name\":\"\",\"type\":\"description_list_item\",\"props\":{\"title\":\"Kategorie\",\"content\":\"\n\n<p><span>\\u00f6ffentlicher Parkplatz<\\\/span><\\\/p>\"}},{\"name\":\"\",\"type\":\"description_list_item\",\"props\":{\"title\":\"Adresse\",\"content\":\"\n\n<p><span> Justus-Perthes-Stra\\u00dfe 1-3, 99867 Gotha<\\\/span><\\\/p>\",\"link\":\"https:\\\/\\\/www.google.de\\\/maps\\\/place\\\/Justus-Perthes-Stra\\u00dfe+1,+99867+Gotha\\\/@50.9476934,10.7077713,778m\\\/data=!3m2!1e3!4b1!4m5!3m4!1s0x47a47bf9b46c7f05:0x52cc29b2748b0a82!8m2!3d50.94769!4d10.70996\",\"link_target\":true}},{\"name\":\"\",\"type\":\"description_list_item\",\"props\":{\"title\":\"Uhrzeiten\",\"content\":\"\n\n<p>24h<\\\/p>\"}},{\"type\":\"description_list_item\",\"props\":{\"title\":\"Geb\\u00fchren\",\"content\":\"\n\n<p>geb\\u00fchrenpflichtig<\\\/p>\"}}]}]}]},{\"name\":\"\",\"type\":\"row\",\"props\":{\"layout\":\"1-2,1-2\",\"column_gap\":\"large\",\"row_gap\":\"large\"},\"children\":[{\"name\":\"\",\"type\":\"column\",\"props\":{\"image_position\":\"center-center\",\"width_medium\":\"1-2\",\"position_sticky_breakpoint\":\"m\",\"media_overlay_gradient\":\"\"},\"children\":[{\"name\":\"\",\"type\":\"image\",\"props\":{\"margin\":\"default\",\"image\":\"wp-content\\\/uploads\\\/2022\\\/05\\\/Parken2.jpg\",\"image_alt\":\"\",\"image_width\":\"900\",\"image_svg_color\":\"emphasis\",\"link\":\"https:\\\/\\\/www.google.de\\\/maps\\\/place\\\/Wohnmobil+Stellplatz+Gotha\\\/@50.9440833,10.708987,194m\\\/data=!3m1!1e3!4m5!3m4!1s0x47a47bff29b21e15:0xa49a238f7a17439f!8m2!3d50.9440479!4d10.7096492\",\"link_target\":\"blank\"}}]},{\"name\":\"\",\"type\":\"column\",\"props\":{\"image_position\":\"center-center\",\"width_medium\":\"1-2\",\"position_sticky_breakpoint\":\"m\",\"media_overlay_gradient\":\"\"},\"children\":[{\"name\":\"\",\"type\":\"headline\",\"props\":{\"title_element\":\"h2\",\"content\":\"Parkm\\u00f6glichkeit 2 - <strong>Parkplatz am Marstall<\\\/strong>\",\"title_decoration\":\"line\",\"title_style\":\"h3\"}},{\"name\":\"\",\"type\":\"text\",\"props\":{\"column_breakpoint\":\"m\",\"margin\":\"default\",\"content\":\"\n\n<p>Der geb\\u00fchrenfreie, <strong>\\u00f6ffentliche Parkplatz am Marstallplatz<\\\/strong> bietet mit seinen 80 Stellpl\\u00e4tzen gen\\u00fcgend Kapazit\\u00e4ten.<\\\/p>\"}},{\"name\":\"\",\"type\":\"description_list\",\"props\":{\"margin\":\"medium\",\"margin_remove_bottom\":true,\"show_title\":true,\"show_meta\":true,\"show_content\":true,\"show_link\":true,\"layout\":\"grid-2\",\"meta_style\":\"meta\",\"meta_align\":\"below-content\",\"title_color\":\"muted\",\"title_grid_column_gap\":\"small\",\"title_grid_row_gap\":\"small\",\"title_grid_width\":\"auto\",\"list_size\":\"\",\"list_element\":\"ul\",\"column_breakpoint\":\"m\",\"title_element\":\"div\"},\"children\":[{\"name\":\"\",\"type\":\"description_list_item\",\"props\":{\"title\":\"Kategorie\",\"content\":\"\n\n<p>\\u00f6ffentlicher Parkplatz<\\\/p>\"}},{\"name\":\"\",\"type\":\"description_list_item\",\"props\":{\"title\":\"Adresse\",\"content\":\"\n\n<p><span>Marstall, Parkallee 1A, 99867 Gotha<\\\/span><\\\/p>\",\"link\":\"https:\\\/\\\/www.google.de\\\/maps\\\/place\\\/Wohnmobil+Stellplatz+Gotha\\\/@50.9440833,10.708987,194m\\\/data=!3m1!1e3!4m5!3m4!1s0x47a47bff29b21e15:0xa49a238f7a17439f!8m2!3d50.9440479!4d10.7096492\",\"link_target\":true}},{\"name\":\"\",\"type\":\"description_list_item\",\"props\":{\"title\":\"Uhrzeit\",\"content\":\"\n\n<p><span>10.00-15.00<\\\/span><\\\/p>\"}},{\"type\":\"description_list_item\",\"props\":{\"title\":\"Geb\\u00fchren\",\"content\":\"\n\n<p>geb\\u00fchrenpflichtig; H\\u00f6chstparkdauer 4h mit Parkuhr<\\\/p>\"}}]}]}]},{\"name\":\"\",\"type\":\"row\",\"props\":{\"layout\":\"1-2,1-2\",\"column_gap\":\"large\",\"row_gap\":\"large\"},\"children\":[{\"name\":\"\",\"type\":\"column\",\"props\":{\"image_position\":\"center-center\",\"width_medium\":\"1-2\",\"position_sticky_breakpoint\":\"m\",\"media_overlay_gradient\":\"\"},\"children\":[{\"name\":\"\",\"type\":\"image\",\"props\":{\"margin\":\"default\",\"image\":\"wp-content\\\/uploads\\\/2022\\\/05\\\/Parken3.jpg\",\"image_alt\":\"\",\"image_width\":\"900\",\"image_svg_color\":\"emphasis\",\"link\":\"https:\\\/\\\/www.google.de\\\/maps\\\/place\\\/Parkplatz+Philosophenweg\\\/@50.9472834,10.7047813,778m\\\/data=!3m1!1e3!4m13!1m7!3m6!1s0x47a47c0778e7d497:0x8f517e4093c6f50e!2sSiebleber-Wall+8,+99867+Gotha!3b1!8m2!3d50.94728!4d10.70697!3m4!1s0x47a47bf87f3e8829:0x110c68d34cb94084!8m2!3d50.9475865!4d10.7077859\",\"link_target\":\"blank\"}}]},{\"name\":\"\",\"type\":\"column\",\"props\":{\"image_position\":\"center-center\",\"width_medium\":\"1-2\",\"position_sticky_breakpoint\":\"m\",\"media_overlay_gradient\":\"\"},\"children\":[{\"name\":\"\",\"type\":\"headline\",\"props\":{\"title_element\":\"h2\",\"content\":\"Parkm\\u00f6glichkeit 3 - <strong>Parkplatz Philosophenweg<\\\/strong>\",\"title_decoration\":\"line\",\"title_style\":\"h3\"}},{\"name\":\"\",\"type\":\"text\",\"props\":{\"column_breakpoint\":\"m\",\"margin\":\"default\",\"content\":\"\n\n<p><span>Der geb\\u00fchrenfreie, <\\\/span><strong>\\u00f6ffentliche Parkplatz am Philosophenweg<\\\/strong><span> bietet mit seinen 36 Stellpl\\u00e4tzen ausreichend Kapazit\\u00e4ten.<\\\/span><\\\/p>\"}},{\"name\":\"\",\"type\":\"description_list\",\"props\":{\"margin\":\"medium\",\"margin_remove_bottom\":true,\"show_title\":true,\"show_meta\":true,\"show_content\":true,\"show_link\":true,\"layout\":\"grid-2\",\"meta_style\":\"meta\",\"meta_align\":\"below-content\",\"title_color\":\"muted\",\"title_grid_column_gap\":\"small\",\"title_grid_row_gap\":\"small\",\"title_grid_width\":\"auto\",\"list_size\":\"\",\"list_element\":\"ul\",\"column_breakpoint\":\"m\",\"title_element\":\"div\"},\"children\":[{\"name\":\"\",\"type\":\"description_list_item\",\"props\":{\"title\":\"Kategorie\",\"content\":\"\n\n<p>\\u00f6ffentlicher Parkplatz<\\\/p>\"}},{\"name\":\"\",\"type\":\"description_list_item\",\"props\":{\"title\":\"Adresse\",\"content\":\"\n\n<p><span>Siebleber-Wall 8, 99867 Gotha<\\\/span><\\\/p>\",\"link\":\"https:\\\/\\\/www.google.de\\\/maps\\\/place\\\/Parkplatz+Philosophenweg\\\/@50.9472834,10.7047813,778m\\\/data=!3m1!1e3!4m13!1m7!3m6!1s0x47a47c0778e7d497:0x8f517e4093c6f50e!2sSiebleber-Wall+8,+99867+Gotha!3b1!8m2!3d50.94728!4d10.70697!3m4!1s0x47a47bf87f3e8829:0x110c68d34cb94084!8m2!3d50.9475865!4d10.7077859\",\"link_target\":true}},{\"name\":\"\",\"type\":\"description_list_item\",\"props\":{\"title\":\"Uhrzeit\",\"content\":\"\n\n<p><span>24h<\\\/span><\\\/p>\"}},{\"type\":\"description_list_item\",\"props\":{\"title\":\"Geb\\u00fchren\",\"content\":\"\n\n<p>geb\\u00fchrenpflichtig<\\\/p>\"}}]}]}]},{\"name\":\"\",\"type\":\"row\",\"props\":{\"layout\":\"1-2,1-2\",\"column_gap\":\"large\",\"row_gap\":\"large\"},\"children\":[{\"name\":\"\",\"type\":\"column\",\"props\":{\"image_position\":\"center-center\",\"width_medium\":\"1-2\",\"position_sticky_breakpoint\":\"m\",\"media_overlay_gradient\":\"\"},\"children\":[{\"name\":\"\",\"type\":\"image\",\"props\":{\"margin\":\"default\",\"image\":\"wp-content\\\/uploads\\\/2022\\\/05\\\/Parken4.jpg\",\"image_alt\":\"Helenenstra\\u00dfe\",\"image_width\":\"900\",\"image_svg_color\":\"emphasis\",\"link\":\"https:\\\/\\\/www.google.de\\\/maps\\\/place\\\/Helenenstra\\u00dfe,+99867+Gotha\\\/@50.9465014,10.7110733,778m\\\/data=!3m2!1e3!4b1!4m5!3m4!1s0x47a47bf979ea92cd:0x41b11ef62b656a5a!8m2!3d50.946498!4d10.713262\",\"link_target\":\"blank\"}}]},{\"name\":\"\",\"type\":\"column\",\"props\":{\"image_position\":\"center-center\",\"width_medium\":\"1-2\",\"position_sticky_breakpoint\":\"m\",\"media_overlay_gradient\":\"\"},\"children\":[{\"name\":\"\",\"type\":\"headline\",\"props\":{\"title_element\":\"h2\",\"content\":\"Parkm\\u00f6glichkeit 4 - <strong>gesamte Helenenstra\\u00dfe<\\\/strong>\",\"title_decoration\":\"line\",\"title_style\":\"h3\"}},{\"name\":\"\",\"type\":\"text\",\"props\":{\"column_breakpoint\":\"m\",\"margin\":\"default\",\"content\":\"\n\n<p>Entlang der Helenenstra\\u00dfe bieten sich ausreichende Parkm\\u00f6glichkeiten.<\\\/p>\"}},{\"name\":\"\",\"type\":\"description_list\",\"props\":{\"margin\":\"medium\",\"margin_remove_bottom\":true,\"show_title\":true,\"show_meta\":true,\"show_content\":true,\"show_link\":true,\"layout\":\"grid-2\",\"meta_style\":\"meta\",\"meta_align\":\"below-content\",\"title_color\":\"muted\",\"title_grid_column_gap\":\"small\",\"title_grid_row_gap\":\"small\",\"title_grid_width\":\"auto\",\"list_size\":\"\",\"list_element\":\"ul\",\"column_breakpoint\":\"m\",\"title_element\":\"div\"},\"children\":[{\"name\":\"\",\"type\":\"description_list_item\",\"props\":{\"title\":\"Kategorie\",\"content\":\"\n\n<p>\\u00f6ffentlicher Parkraum<\\\/p>\"}},{\"name\":\"\",\"type\":\"description_list_item\",\"props\":{\"title\":\"Adresse\",\"content\":\"\n\n<p><span>Gesamte Helenenstra\\u00dfe, 99867 Gotha<\\\/span><\\\/p>\",\"link\":\"https:\\\/\\\/www.google.de\\\/maps\\\/place\\\/Helenenstra\\u00dfe,+99867+Gotha\\\/@50.9465014,10.7110733,778m\\\/data=!3m2!1e3!4b1!4m5!3m4!1s0x47a47bf979ea92cd:0x41b11ef62b656a5a!8m2!3d50.946498!4d10.713262\",\"link_target\":true}},{\"name\":\"\",\"type\":\"description_list_item\",\"props\":{\"title\":\"Uhrzeit\",\"content\":\"\n\n<p><span>24h<\\\/span><\\\/p>\"}},{\"type\":\"description_list_item\",\"props\":{\"title\":\"Geb\\u00fchren\",\"content\":\"\n\n<p>geb\\u00fchrenfrei<\\\/p>\"}}]}]}]}]},{\"type\":\"section\",\"props\":{\"style\":\"default\",\"width\":\"default\",\"vertical_align\":\"middle\",\"title_position\":\"top-left\",\"title_rotation\":\"left\",\"title_breakpoint\":\"xl\",\"image_position\":\"center-center\",\"padding_remove_top\":true},\"children\":[{\"type\":\"row\",\"children\":[{\"type\":\"column\",\"props\":{\"position_sticky_breakpoint\":\"m\",\"image_position\":\"center-center\",\"media_overlay_gradient\":\"\"},\"children\":[{\"type\":\"headline\",\"props\":{\"title_element\":\"h1\",\"title_decoration\":\"bullet\",\"title_style\":\"h4\",\"content\":\"Erreichbarkeit\"},\"name\":\"Erreichbarkeit\"}]}]},{\"type\":\"row\",\"children\":[{\"type\":\"column\",\"props\":{\"position_sticky_breakpoint\":\"m\",\"image_position\":\"center-center\",\"media_overlay_gradient\":\"\",\"width_medium\":\"1-4\"},\"children\":[{\"name\":\"Headline Erreichbarkeit\",\"type\":\"headline\",\"props\":{\"title_element\":\"h1\",\"content\":\"\n\n<p>Sie erreichen uns \\u00fcber folgende Wege<\\\/p>\",\"text_align\":\"left\",\"title_style\":\"h3\"}},{\"name\":\"Text Erreichbarkeit\",\"type\":\"text\",\"props\":{\"column_breakpoint\":\"m\",\"content\":\"\n\n<h4>Zu Fu\\u00df, per Auto, per Stra\\u00dfenbahn oder per Bus. Unsere Praxis ist Rollstuhlgerecht eingerichtet.<\\\/h4>\",\"text_style\":\"lead\",\"dropcap\":false,\"margin\":\"default\"}}]},{\"type\":\"column\",\"props\":{\"position_sticky_breakpoint\":\"m\",\"image_position\":\"center-center\",\"media_overlay_gradient\":\"\",\"width_medium\":\"3-4\"},\"children\":[{\"name\":\"Erreichbarkeit\",\"type\":\"list\",\"props\":{\"image\":true,\"image_align\":\"left\",\"margin\":\"default\",\"list_size\":\"large\",\"show_image\":true,\"show_link\":true,\"image_svg_color\":\"emphasis\",\"image_vertical_align\":true,\"list_element\":\"ul\",\"column_breakpoint\":\"m\",\"list_type\":\"vertical\",\"list_horizontal_separator\":\", \"},\"children\":[{\"name\":\"\",\"type\":\"list_item\",\"props\":{\"content\":\"\n\n<p><strong>Auto \\u2014 <\\\/strong>Parkpl\\u00e4tze finden Sie am Perthesforum, am Marstall, am Philosophenweg und entlang der Helenenstra\\u00dfe.<\\\/p>\"}},{\"name\":\"\",\"type\":\"list_item\",\"props\":{\"content\":\"\n\n<p><strong>Stra\\u00dfenbahn \\u2014 <\\\/strong> Aus der Innenstadt erreichen Sie uns \\u00fcber die Linien 1,2,4. Die passende Haltestelle w\\u00e4re \\\"Haltestelle Orangerie Gotha\\\".<\\\/p>\"}},{\"name\":\"\",\"type\":\"list_item\",\"props\":{\"content\":\"\n\n<p><strong>Stadtbus \\u2014<\\\/strong>Vom Hauptbahnhof erreichen Sie uns \\u00fcber die Linie A1<\\\/p>\"}},{\"name\":\"\",\"type\":\"list_item\",\"props\":{\"content\":\"\n\n<p><strong>Zu Fu\\u00df \\u2014 <\\\/strong> In der Friedrichstra\\u00dfe 14 direkt neben der Orangerie finden Sie das MVZ Gotha.<\\\/p>\"}}]}]}],\"props\":{\"layout\":\"1-4,3-4\"}}]}],\"version\":\"2.7.22\"} --><\/p>\n","protected":false},"excerpt":{"rendered":"<p>50.9463,10.7102 MVZ an der Orangerie Gotha GmbH Facharztpraxis f\u00fcr Orthop\u00e4die und UnfallchirurgieDr. med. Matthias BerleDr. med. Roger Machmerth Friedrichstra\u00dfe 1499867 Gotha 50.9477,10.7100 Parkm\u00f6glichkeit 1 &#8211; Parkplatz am Perthesforum \u00f6ffentliche Parkplatz am Perthesforum 50.9441,10.7100 Parkm\u00f6glichkeit 2 &#8211; Parkplatz am Marstall \u00f6ffentliche Parkplatz am Marstall 50.9477,10.7083 Parkm\u00f6glichkeit 3 &#8211; Parkplatz Philosophenweg \u00f6ffentliche Parkplatz Philosophenweg 50.9460,10.7114 Parkm\u00f6glichkeit 4 [&hellip;]<\/p>\n","protected":false},"author":1,"featured_media":0,"parent":0,"menu_order":0,"comment_status":"closed","ping_status":"closed","template":"","meta":{"footnotes":""},"class_list":["post-2119","page","type-page","status-publish","hentry"],"aioseo_notices":[],"_links":{"self":[{"href":"https:\/\/www.mvz-orangerie.de\/index.php?rest_route=\/wp\/v2\/pages\/2119","targetHints":{"allow":["GET"]}}],"collection":[{"href":"https:\/\/www.mvz-orangerie.de\/index.php?rest_route=\/wp\/v2\/pages"}],"about":[{"href":"https:\/\/www.mvz-orangerie.de\/index.php?rest_route=\/wp\/v2\/types\/page"}],"author":[{"embeddable":true,"href":"https:\/\/www.mvz-orangerie.de\/index.php?rest_route=\/wp\/v2\/users\/1"}],"replies":[{"embeddable":true,"href":"https:\/\/www.mvz-orangerie.de\/index.php?rest_route=%2Fwp%2Fv2%2Fcomments&post=2119"}],"version-history":[{"count":6,"href":"https:\/\/www.mvz-orangerie.de\/index.php?rest_route=\/wp\/v2\/pages\/2119\/revisions"}],"predecessor-version":[{"id":2244,"href":"https:\/\/www.mvz-orangerie.de\/index.php?rest_route=\/wp\/v2\/pages\/2119\/revisions\/2244"}],"wp:attachment":[{"href":"https:\/\/www.mvz-orangerie.de\/index.php?rest_route=%2Fwp%2Fv2%2Fmedia&parent=2119"}],"curies":[{"name":"wp","href":"https:\/\/api.w.org\/{rel}","templated":true}]}}