{"id":2115,"date":"2022-05-22T12:30:54","date_gmt":"2022-05-22T12:30:54","guid":{"rendered":"https:\/\/www.mvz-orangerie.de\/?page_id=2115"},"modified":"2025-12-30T12:25:44","modified_gmt":"2025-12-30T12:25:44","slug":"ueber-uns","status":"publish","type":"page","link":"https:\/\/www.mvz-orangerie.de\/?page_id=2115","title":{"rendered":"\u00dcber uns"},"content":{"rendered":"<h1>\n<h5><strong>Wir freuen uns sehr, <\/strong><br \/><strong>Frau Dr. Liemen (Fach\u00e4rztin f\u00fcr Orthop\u00e4die und Unfallchirurgie), <\/strong><br \/><strong>Herrn Dr. Rudolph (Facharzt f\u00fcr Orthop\u00e4die und Unfallchirurgie) sowie <\/strong><br \/><strong>Herrn Reimann (Arzt f\u00fcr Orthop\u00e4die und Unfallchirurgie in Weiterbildung) <\/strong><br \/><strong>in unserem Team begr\u00fc\u00dfen zu d\u00fcrfen.<\/strong><\/h5>\n<h5><strong>Mit der Kombination aus Akupunktur <\/strong><br \/><strong>und dem Behandlungsschwerpunkt der Schulterbeschwerden<\/strong><br \/><strong>(Sehnenrisse, Verkalkungen, Entz\u00fcndungen <\/strong><br \/><strong>bis hin zu Gelenkverschlei\u00df bei Arthrose und Instabilit\u00e4ten) <\/strong><br \/><strong>bringt Frau Dr. Liemen neue und erfolgreiche<\/strong><br \/><strong>Therapiem\u00f6glichkeiten in unser Team.<\/strong><\/h5>\n<h5><strong>Herr Dr. Rudolph gilt mit \u00fcber 30 Jahren Erfahrung,<\/strong><br \/><strong>bei seiner T\u00e4tigkeit als Chefarzt der Orthop\u00e4die, <\/strong><br \/><strong>am Helios Klinikum Gotha, als Experte in der Prothesenversorgung.<\/strong><br \/><strong>Wir erweitern damit unser Spektrum im Bereich der konservativen und <\/strong><br \/><strong>operativen Therapieversorgung von H\u00fcft- und Kniebeschwerden.<\/strong><\/h5>\n<h5><\/h5>\n<h5><strong>Die Akutversorgung orthop\u00e4disch- unfallchirurgischer Patienten sowie die konservative und operative Therapie bei Wirbels\u00e4ulenerkrankungen und Osteoporose, sind unter anderem die Behandlungsschwerpunkte von Herrn Reimann.<\/strong><\/h5>\n<\/h1>\n<div>\n<p>Allgemeine Informationen zum MVZ an der Orangerie erhalten Sie hier:<\/p>\n<\/div>\n<div>\n<p><span>Sie haben Schmerzen am Bewegungsapparat? Mittels zielgerichteter Diagnostik, individuelle Therapieberatung sowie die Behandlung von Erkrankungen oder Verletzungen,\u00a0<\/span><span>zur Steigerung IHRER Lebensqualit\u00e4t &#8211; das ist unser Anspruch.<\/span><br \/><span>In unserem ambulanten medizinischen Versorgungszentrum &#8211; MVZ an der Orangerie in Gotha \u2013 vereinigen wir Kompetenz in den Bereichen der modernen Orthop\u00e4die, Unfallchirurgie mit erg\u00e4nzender R\u00f6ntgendiagnostik, chronischer Schmerztherapie, Osteologie, Sportmedizin und Chirotherapie mit alternativen Heilverfahren der Osteopathie und Akupunktur und vielen weiteren Heilmethoden.<\/span><\/p>\n<\/div>\n<div>\n<p>_______________________________________<\/p>\n<\/div>\n<h2>Kontaktieren Sie uns<\/h2>\n<ul>\n<li>\n<h3>Telefon<\/h3>\n<p><a href=\"tel:0362129530\"><\/p>\n<p>+49 (0)3621 \u2013 29 53 0<\/p>\n<p><\/a><\/p>\n<\/li>\n<li>\n<h3>Fax<\/h3>\n<div>\n<p>+49 (0)3621 \u2013\u00a0514 221<\/p>\n<\/div>\n<\/li>\n<\/ul>\n<div>\n<h3>Adresse<\/h3>\n<div>\n<p>Friedrichstra\u00dfe 14<br \/>99867 Gotha<\/p>\n<\/div>\n<\/div>\n<div>\n<h3>Parkpl\u00e4tze<\/h3>\n<div>\n<p>Am Perthesforum<br \/>Am Marstall<br \/>Am Philosophenweg<br \/>Helenenstra\u00dfe<\/p>\n<\/div>\n<\/div>\n<p><!--more--><br \/>\n<!-- {\"name\":\"\\u00dcber uns\",\"type\":\"layout\",\"children\":[{\"type\":\"section\",\"props\":{\"style\":\"muted\",\"width\":\"default\",\"vertical_align\":\"middle\",\"title_position\":\"top-left\",\"title_rotation\":\"left\",\"title_breakpoint\":\"xl\",\"image_position\":\"center-center\",\"image\":\"wp-content\\\/uploads\\\/2022\\\/05\\\/Fassade-MVZ-Orangerie.jpg\",\"padding\":\"large\"},\"children\":[{\"type\":\"row\",\"children\":[{\"type\":\"column\",\"props\":{\"position_sticky_breakpoint\":\"m\",\"image_position\":\"center-center\",\"media_overlay_gradient\":\"\"},\"children\":[{\"type\":\"headline\",\"props\":{\"title_element\":\"h1\",\"content\":\"\n\n<h5><strong>Wir freuen uns sehr, <\\\/strong><br \\\/><strong>Frau Dr. Liemen (Fach\\u00e4rztin f\\u00fcr Orthop\\u00e4die und Unfallchirurgie), <\\\/strong><br \\\/><strong>Herrn Dr. Rudolph (Facharzt f\\u00fcr Orthop\\u00e4die und Unfallchirurgie) sowie <\\\/strong><br \\\/><strong>Herrn Reimann (Arzt f\\u00fcr Orthop\\u00e4die und Unfallchirurgie in Weiterbildung) <\\\/strong><br \\\/><strong>in unserem Team begr\\u00fc\\u00dfen zu d\\u00fcrfen.<\\\/strong><\\\/h5>\\n\n\n<h5><strong>Mit der Kombination aus Akupunktur <\\\/strong><br \\\/><strong>und dem Behandlungsschwerpunkt der Schulterbeschwerden<\\\/strong><br \\\/><strong>(Sehnenrisse, Verkalkungen, Entz\\u00fcndungen <\\\/strong><br \\\/><strong>bis hin zu Gelenkverschlei\\u00df bei Arthrose und Instabilit\\u00e4ten) <\\\/strong><br \\\/><strong>bringt Frau Dr. Liemen neue und erfolgreiche<\\\/strong><br \\\/><strong>Therapiem\\u00f6glichkeiten in unser Team.<\\\/strong><\\\/h5>\\n\n\n<h5><strong>Herr Dr. Rudolph gilt mit \\u00fcber 30 Jahren Erfahrung,<\\\/strong><br \\\/><strong>bei seiner T\\u00e4tigkeit als Chefarzt der Orthop\\u00e4die, <\\\/strong><br \\\/><strong>am Helios Klinikum Gotha, als Experte in der Prothesenversorgung.<\\\/strong><br \\\/><strong>Wir erweitern damit unser Spektrum im Bereich der konservativen und <\\\/strong><br \\\/><strong>operativen Therapieversorgung von H\\u00fcft- und Kniebeschwerden.<\\\/strong><\\\/h5>\\n\n\n<h5><\\\/h5>\\n\n\n<h5><strong>Die Akutversorgung orthop\\u00e4disch- unfallchirurgischer Patienten sowie die konservative und operative Therapie bei Wirbels\\u00e4ulenerkrankungen und Osteoporose, sind unter anderem die Behandlungsschwerpunkte von Herrn Reimann.<\\\/strong><\\\/h5>\"}},{\"type\":\"text\",\"props\":{\"margin\":\"default\",\"column_breakpoint\":\"m\",\"content\":\"\n\n<p><\\\/p>\\n\n\n<p>Allgemeine Informationen zum MVZ an der Orangerie erhalten Sie hier:<\\\/p>\",\"maxwidth\":\"xlarge\",\"text_align\":\"left\"}}]}]}]},{\"name\":\"About\",\"type\":\"section\",\"props\":{\"width\":\"default\",\"style\":\"default\",\"padding_remove_top\":false,\"image_size\":\"cover\",\"image_position\":\"center-center\",\"vertical_align\":\"middle\",\"title_position\":\"top-left\",\"title_rotation\":\"left\",\"title_breakpoint\":\"xl\"},\"children\":[{\"name\":\"\",\"type\":\"row\",\"props\":{\"width\":\"small\",\"margin\":\"xlarge\"},\"children\":[{\"name\":\"\",\"type\":\"column\",\"props\":{\"image_position\":\"center-center\",\"media_overlay_gradient\":\"\",\"width_medium\":\"1-1\",\"position_sticky_breakpoint\":\"m\"},\"children\":[{\"name\":\"\",\"type\":\"text\",\"props\":{\"column_breakpoint\":\"m\",\"text_style\":\"lead\",\"margin\":\"\",\"content\":\"\n\n<p><span>Sie haben Schmerzen am Bewegungsapparat? Mittels zielgerichteter Diagnostik, individuelle Therapieberatung sowie die Behandlung von Erkrankungen oder Verletzungen,\\u00a0<\\\/span><span>zur Steigerung IHRER Lebensqualit\\u00e4t - das ist unser Anspruch.<\\\/span><br \\\/><span>In unserem ambulanten medizinischen Versorgungszentrum - MVZ an der Orangerie in Gotha \\u2013 vereinigen wir Kompetenz in den Bereichen der modernen Orthop\\u00e4die, Unfallchirurgie mit erg\\u00e4nzender R\\u00f6ntgendiagnostik, chronischer Schmerztherapie, Osteologie, Sportmedizin und Chirotherapie mit alternativen Heilverfahren der Osteopathie und Akupunktur und vielen weiteren Heilmethoden.<\\\/span><br \\\/><br \\\/><\\\/p>\",\"dropcap\":true}},{\"name\":\"\",\"type\":\"text\",\"props\":{\"column_breakpoint\":\"m\",\"margin\":\"default\",\"content\":\"\n\n<p>_______________________________________<\\\/p>\"}}]}]}]},{\"name\":\"Team\",\"type\":\"section\",\"props\":{\"width\":\"default\",\"padding\":\"none\",\"style\":\"default\",\"padding_remove_top\":false,\"image_size\":\"cover\",\"image_position\":\"center-center\",\"vertical_align\":\"middle\",\"title_position\":\"top-left\",\"title_rotation\":\"left\",\"title_breakpoint\":\"xl\",\"status\":\"disabled\"},\"children\":[{\"name\":\"\",\"type\":\"row\",\"children\":[{\"name\":\"\",\"type\":\"column\",\"props\":{\"image_position\":\"center-center\",\"media_overlay_gradient\":\"\",\"width_medium\":\"1-1\",\"position_sticky_breakpoint\":\"m\"},\"children\":[{\"name\":\"\",\"type\":\"headline\",\"props\":{\"title_element\":\"h2\",\"text_align\":\"left\",\"text_align_breakpoint\":\"s\",\"text_align_fallback\":\"left\",\"margin\":\"medium\",\"content\":\"Unser Team\",\"margin_remove_top\":false,\"title_decoration\":\"bullet\",\"title_style\":\"h4\"}},{\"name\":\"\",\"type\":\"grid\",\"props\":{\"show_title\":true,\"show_meta\":true,\"show_content\":true,\"show_image\":true,\"show_link\":true,\"grid_default\":\"1\",\"grid_medium\":\"2\",\"title_element\":\"h3\",\"meta_style\":\"\",\"meta_align\":\"below-title\",\"icon_ratio\":4,\"image_align\":\"top\",\"image_grid_width\":\"1-2\",\"link_text\":\"Read more\",\"link_style\":\"default\",\"margin\":\"remove-vertical\",\"meta_margin\":\"remove\",\"image_width\":\"920\",\"meta_color\":\"muted\",\"filter_style\":\"tab\",\"filter_all\":true,\"filter_position\":\"top\",\"filter_align\":\"left\",\"filter_grid_width\":\"auto\",\"title_align\":\"top\",\"title_grid_width\":\"1-2\",\"image_svg_color\":\"emphasis\",\"item_animation\":true,\"title_hover_style\":\"reset\",\"filter_grid_breakpoint\":\"m\",\"title_grid_breakpoint\":\"m\",\"image_grid_breakpoint\":\"m\",\"content_column_breakpoint\":\"m\",\"icon_width\":80,\"grid_row_gap\":\"large\",\"meta_element\":\"div\"},\"children\":[{\"name\":\"\",\"type\":\"grid_item\",\"props\":{\"title\":\"Dr. med Roger Machmerth\",\"meta\":\"Facharzt f\\u00fcr Orthop\\u00e4die und Unfallchirurgie, Chirotherapie\",\"image\":\"wp-content\\\/uploads\\\/about-team-01.jpg\",\"content\":\"\"}},{\"name\":\"\",\"type\":\"grid_item\",\"props\":{\"title\":\"Dr. med. Matthias Berle\",\"meta\":\"Facharzt f\\u00fcr Orthop\\u00e4die, Osteologie, Chirotherapie, Osteopathie, Sportmedizin\",\"image\":\"wp-content\\\/uploads\\\/about-team-02.jpg\",\"content\":\"\"}},{\"name\":\"\",\"type\":\"grid_item\",\"props\":{\"title\":\"Frau Witter\",\"meta\":\"Medizinische Fachangestellte\",\"image\":\"wp-content\\\/uploads\\\/about-team-03.jpg\",\"content\":\"\"}},{\"name\":\"\",\"type\":\"grid_item\",\"props\":{\"title\":\"Frau Krause \",\"meta\":\"Medizinische Fachangestellte\",\"image\":\"wp-content\\\/uploads\\\/about-team-03.jpg\",\"content\":\"\"}},{\"name\":\"\",\"type\":\"grid_item\",\"props\":{\"title\":\"Frau D\\u00f6ll\",\"meta\":\"Medizinische Fachangestellte\",\"image\":\"wp-content\\\/uploads\\\/about-team-03.jpg\",\"content\":\"\"}},{\"name\":\"\",\"type\":\"grid_item\",\"props\":{\"title\":\"Frau Machmerth\",\"meta\":\" Physiotherapeutin\",\"image\":\"wp-content\\\/uploads\\\/about-team-03.jpg\",\"content\":\"\"}}]}]}]}]},{\"name\":\"Contact\",\"type\":\"section\",\"props\":{\"width\":\"default\",\"padding\":\"large\",\"style\":\"default\",\"padding_remove_top\":false,\"image_size\":\"cover\",\"image_position\":\"center-center\",\"vertical_align\":\"middle\",\"title_position\":\"top-left\",\"title_rotation\":\"left\",\"title_breakpoint\":\"xl\"},\"children\":[{\"name\":\"\",\"type\":\"row\",\"children\":[{\"name\":\"\",\"type\":\"column\",\"props\":{\"image_position\":\"center-center\",\"media_overlay_gradient\":\"\",\"width_medium\":\"1-1\",\"position_sticky_breakpoint\":\"m\"},\"children\":[{\"name\":\"\",\"type\":\"headline\",\"props\":{\"title_element\":\"h2\",\"content\":\"Kontaktieren Sie uns\",\"text_align\":\"left\",\"title_decoration\":\"bullet\",\"title_style\":\"h4\"}}]}]},{\"name\":\"\",\"type\":\"row\",\"props\":{\"layout\":\"1-3,1-3,1-3\",\"column_gap\":\"large\",\"row_gap\":\"large\"},\"children\":[{\"name\":\"\",\"type\":\"column\",\"props\":{\"image_position\":\"center-center\",\"media_overlay_gradient\":\"\",\"width_medium\":\"1-3\",\"width_small\":\"auto\",\"position_sticky_breakpoint\":\"m\"},\"children\":[{\"name\":\"\",\"type\":\"description_list\",\"props\":{\"layout\":\"grid-2\",\"title_style\":\"text-bold\",\"show_title\":true,\"show_meta\":true,\"show_content\":true,\"show_link\":true,\"meta_style\":\"meta\",\"meta_align\":\"below-content\",\"title_grid_column_gap\":\"small\",\"title_grid_row_gap\":\"small\",\"title_grid_breakpoint\":\"\",\"title_grid_width\":\"small\",\"list_size\":\"\",\"list_element\":\"ul\",\"column_breakpoint\":\"m\",\"title_element\":\"div\"},\"children\":[{\"name\":\"\",\"type\":\"description_list_item\",\"props\":{\"title\":\"Telefon\",\"content\":\"\n\n<p>+49 (0)3621 \\u2013 29 53 0<\\\/p>\",\"link\":\"tel:0362129530\"}},{\"name\":\"\",\"type\":\"description_list_item\",\"props\":{\"title\":\"Fax\",\"content\":\"\n\n<p>+49 (0)3621 \\u2013\\u00a0514 221<\\\/p>\",\"link\":\"\"}}]}]},{\"name\":\"\",\"type\":\"column\",\"props\":{\"image_position\":\"center-center\",\"media_overlay_gradient\":\"\",\"width_medium\":\"1-3\",\"width_small\":\"auto\",\"position_sticky_breakpoint\":\"m\"},\"children\":[{\"name\":\"\",\"type\":\"description_list\",\"props\":{\"title_style\":\"text-bold\",\"layout\":\"grid-2\",\"show_title\":true,\"show_meta\":true,\"show_content\":true,\"show_link\":true,\"meta_style\":\"meta\",\"meta_align\":\"below-content\",\"title_grid_column_gap\":\"small\",\"title_grid_row_gap\":\"small\",\"title_grid_width\":\"small\",\"list_size\":\"\",\"list_element\":\"ul\",\"column_breakpoint\":\"m\",\"title_element\":\"div\"},\"children\":[{\"name\":\"\",\"type\":\"description_list_item\",\"props\":{\"title\":\"Adresse\",\"content\":\"\n\n<p>Friedrichstra\\u00dfe 14<br \\\/>99867 Gotha<\\\/p>\"}}]}]},{\"name\":\"\",\"type\":\"column\",\"props\":{\"image_position\":\"center-center\",\"media_overlay_gradient\":\"\",\"width_medium\":\"1-3\",\"width_small\":\"auto\",\"position_sticky_breakpoint\":\"m\"},\"children\":[{\"name\":\"\",\"type\":\"description_list\",\"props\":{\"title_style\":\"text-bold\",\"layout\":\"grid-2\",\"show_title\":true,\"show_meta\":true,\"show_content\":true,\"show_link\":true,\"meta_style\":\"meta\",\"meta_align\":\"below-content\",\"title_grid_column_gap\":\"small\",\"title_grid_row_gap\":\"small\",\"title_grid_width\":\"small\",\"list_size\":\"\",\"list_element\":\"ul\",\"column_breakpoint\":\"m\",\"title_element\":\"div\"},\"children\":[{\"name\":\"\",\"type\":\"description_list_item\",\"props\":{\"title\":\"Parkpl\\u00e4tze\",\"content\":\"\n\n<p>Am Perthesforum<br \/>Am Marstall<br \/>Am Philosophenweg<br \/>Helenenstra\\u00dfe<\\\/p>\"}}]}]}]}]}],\"version\":\"2.7.22\"} --><\/p>\n","protected":false},"excerpt":{"rendered":"<p>Wir freuen uns sehr, Frau Dr. Liemen (Fach\u00e4rztin f\u00fcr Orthop\u00e4die und Unfallchirurgie), Herrn Dr. Rudolph (Facharzt f\u00fcr Orthop\u00e4die und Unfallchirurgie) sowie Herrn Reimann (Arzt f\u00fcr Orthop\u00e4die und Unfallchirurgie in Weiterbildung) in unserem Team begr\u00fc\u00dfen zu d\u00fcrfen. Mit der Kombination aus Akupunktur und dem Behandlungsschwerpunkt der Schulterbeschwerden(Sehnenrisse, Verkalkungen, Entz\u00fcndungen bis hin zu Gelenkverschlei\u00df bei Arthrose und [&hellip;]<\/p>\n","protected":false},"author":1,"featured_media":0,"parent":0,"menu_order":0,"comment_status":"closed","ping_status":"closed","template":"","meta":{"footnotes":""},"class_list":["post-2115","page","type-page","status-publish","hentry"],"aioseo_notices":[],"_links":{"self":[{"href":"https:\/\/www.mvz-orangerie.de\/index.php?rest_route=\/wp\/v2\/pages\/2115","targetHints":{"allow":["GET"]}}],"collection":[{"href":"https:\/\/www.mvz-orangerie.de\/index.php?rest_route=\/wp\/v2\/pages"}],"about":[{"href":"https:\/\/www.mvz-orangerie.de\/index.php?rest_route=\/wp\/v2\/types\/page"}],"author":[{"embeddable":true,"href":"https:\/\/www.mvz-orangerie.de\/index.php?rest_route=\/wp\/v2\/users\/1"}],"replies":[{"embeddable":true,"href":"https:\/\/www.mvz-orangerie.de\/index.php?rest_route=%2Fwp%2Fv2%2Fcomments&post=2115"}],"version-history":[{"count":22,"href":"https:\/\/www.mvz-orangerie.de\/index.php?rest_route=\/wp\/v2\/pages\/2115\/revisions"}],"predecessor-version":[{"id":2425,"href":"https:\/\/www.mvz-orangerie.de\/index.php?rest_route=\/wp\/v2\/pages\/2115\/revisions\/2425"}],"wp:attachment":[{"href":"https:\/\/www.mvz-orangerie.de\/index.php?rest_route=%2Fwp%2Fv2%2Fmedia&parent=2115"}],"curies":[{"name":"wp","href":"https:\/\/api.w.org\/{rel}","templated":true}]}}