{"id":1,"date":"2020-11-17T13:56:54","date_gmt":"2020-11-17T13:56:54","guid":{"rendered":"https:\/\/www.mvz-orangerie.de\/?p=1"},"modified":"2026-04-01T06:36:47","modified_gmt":"2026-04-01T06:36:47","slug":"home","status":"publish","type":"page","link":"https:\/\/www.mvz-orangerie.de\/","title":{"rendered":"Home"},"content":{"rendered":"<ul>\n<li>\n<p>        <img decoding=\"async\" src=\"\/wp-content\/uploads\/2022\/05\/Slideshow1-Kopie-1.jpg\" alt=\"\"><\/p>\n<h2>Willkommen im MVZ an der Orangerie<\/h2>\n<p>Zentrum f\u00fcr Orthop\u00e4die und Unfallchirurgie<\/p>\n<p><a href=\"\/index.php?page_id=2115\">\u00dcber Uns<\/a><\/p>\n<\/li>\n<li>\n<\/li>\n<li>\n<\/li>\n<li>\n<\/li>\n<\/ul>\n<h2>Was macht uns zu Ihrem Orthop\u00e4diespezialisten<\/h2>\n<ul>\n<li>\n<h3><b>Medizinische Kompetenz<\/b><\/h3>\n<div>\n<p><span>Unsere Fach\u00e4rzte verf\u00fcgen \u00fcber langj\u00e4hrige Erfahrung in ihrem jeweiligen Fachgebiet. Sie sind nicht nur umfassend und detailliert ausgebildet, sondern bilden sich auch st\u00e4ndig \u00fcber neue medizinische Erkenntnisse fort. <\/span><\/p>\n<\/div>\n<\/li>\n<li>\n<h3><b>Geschultes Personal<\/b><\/h3>\n<div>\n<p><span>Das Praxispersonal ist speziell\u00a0<\/span><span>geschult und auf ihre jeweiligen\u00a0<\/span><span>Aufgaben besonders vorbereitet\u00a0<\/span><span>worden. Sie nehmen au\u00dferdem an\u00a0<\/span><span>fortlaufende\u00a0<\/span><span>Weiterbildungsma\u00dfnahmen teil. <\/span><\/p>\n<\/div>\n<\/li>\n<li>\n<h3><b>Zentrale Lage<\/b><\/h3>\n<div>\n<p><span>Das MVZ an der Orangerie liegt im\u00a0Herzen von Gotha und ist zu Fu\u00df, mit dem Auto, mit der Stra\u00dfenbahn oder dem Bus zentral zu erreichen.<\/span><\/p>\n<\/div>\n<\/li>\n<li>\n<h3><b>Nachhaltiges Handeln am Patienten<\/b><\/h3>\n<div>\n<p><span>F\u00fcr uns steht die Schmerzlinderung und die Verbesserung der Muskel- und Gelenkfunktion, bei unseren Patienten an erster Stelle.<\/span><\/p>\n<\/div>\n<\/li>\n<\/ul>\n<p><img decoding=\"async\" src=\"\/wp-content\/uploads\/2022\/05\/Logo-Orangerie-Text.png\" alt=\"\"><\/p>\n<h3>\n<h4>Dr. med. Roger Machmerth<\/h4>\n<\/h3>\n<blockquote>\n<h5><strong>Facharzt f\u00fcr Orthop\u00e4die und Unfallchirurgie, Chirotherapie<\/strong><\/h5>\n<\/blockquote>\n<div>\n<ul>\n<li>\n<h4>Dr. med. Astrid Liemen<br \/><strong>Fach\u00e4rztin f\u00fcr Orthop\u00e4die und Unfallchirurgie<br \/><\/strong><\/h4>\n<\/li>\n<\/ul>\n<ul>\n<li>\n<h4><strong><\/strong>Dr. med. Matthias Rudolph<br \/><strong>Facharzt f\u00fcr Orthop\u00e4die und Unfallchirurgie<\/strong><\/h4>\n<\/li>\n<li>\n<h4><strong><\/strong>Ren\u00e9 Reimann<br \/><strong>Arzt f\u00fcr Orthop\u00e4die und Unfallchirurgie in Weiterbildung<\/strong><\/h4>\n<\/li>\n<\/ul>\n<\/div>\n<h2>Unsere Diagnostik<\/h2>\n<ul>\n<li>\n<h3>Radiologische Einheit<\/h3>\n<div>\n<p><span>Die digitale R\u00f6ntgenuntersuchung ist und bleibt grunds\u00e4tzlich das wichtigste Verfahren zur Beurteilung des Knochens. Auf dem R\u00f6ntgenbild k\u00f6nnen sowohl Frakturen (Br\u00fcche) als auch Gelenksch\u00e4den und degenerative Ver\u00e4nderungen des Knochenmaterials einfach und schnell erkannt werden. Aber auch rheumatologische Prozesse k\u00f6nnen mithilfe einer R\u00f6ntgenaufnahme beurteilt werden.<\/span><br \/><span>Wir verf\u00fcgen \u00fcber eine eigene digitale neue R\u00f6ntgenanlage.<\/span><\/p>\n<\/div>\n<\/li>\n<li>\n<h3>Knochendichtemessung<\/h3>\n<div>\n<div jsname=\"bVEB4e\" class=\"wWOJcd\" aria-controls=\"exacc_eSaKYvDlNYXd7_UP4vix0AQ2\" aria-expanded=\"true\" aria-labelledby=\"exacc_eSaKYvDlNYXd7_UP4vix0AQ1\" role=\"button\" jsaction=\"AWEk5c\" tabindex=\"0\">\n<div jsname=\"K8Pnod\" class=\"r21Kzd\" data-hveid=\"CEUQAQ\" data-ved=\"2ahUKEwiwhuWMiPP3AhWF7rsIHWJ8DEoQuk56BAhFEAE\"><span>Eine bekannte Knochenkrankheit ist beispielsweise Osteoporose. Dabei verringert sich Knochenmasse und kann deshalb in zunehmendem Ausma\u00df zu Frakturen (Br\u00fcchen) f\u00fchren. Mit unserem modernen Knochenmessscanner kann das individuelle Osteoporose-Risiko ermittelt werden. <\/span><\/div>\n<div jsname=\"K8Pnod\" data-hveid=\"CEUQAQ\" data-ved=\"2ahUKEwiwhuWMiPP3AhWF7rsIHWJ8DEoQuk56BAhFEAE\"><\/div>\n<div jsname=\"K8Pnod\" class=\"r21Kzd\" data-hveid=\"CEUQAQ\" data-ved=\"2ahUKEwiwhuWMiPP3AhWF7rsIHWJ8DEoQuk56BAhFEAE\"><span><br \/>Durch vorbeugende Ma\u00dfnahmen und durch ein rechtzeitiges Eingreifen k\u00f6nnen bleibende Sch\u00e4den und dauerhafte Schmerzen vermieden werden.<\/span><\/div>\n<\/div>\n<\/div>\n<\/li>\n<\/ul>\n<p><!--more--><br \/>\n<!-- {\"name\":\"Home\",\"type\":\"layout\",\"children\":[{\"name\":\"Hero\",\"type\":\"section\",\"props\":{\"style\":\"default\",\"width\":\"\",\"vertical_align\":\"middle\",\"title_position\":\"top-left\",\"title_rotation\":\"left\",\"title_breakpoint\":\"xl\",\"image_position\":\"center-center\",\"padding\":\"none\",\"animation_delay\":false},\"children\":[{\"name\":\"\",\"type\":\"row\",\"children\":[{\"name\":\"\",\"type\":\"column\",\"props\":{\"image_position\":\"center-center\",\"media_overlay_gradient\":\"\",\"width_medium\":\"1-1\",\"position_sticky_breakpoint\":\"m\"},\"children\":[{\"name\":\"\",\"type\":\"slideshow\",\"props\":{\"show_title\":true,\"show_meta\":true,\"show_content\":true,\"show_link\":true,\"show_thumbnail\":true,\"slideshow_min_height\":\"500\",\"slideshow_autoplay_pause\":true,\"nav\":\"dotnav\",\"nav_position\":\"bottom-center\",\"nav_position_margin\":\"medium\",\"nav_align\":\"center\",\"nav_breakpoint\":\"\",\"thumbnav_width\":\"100\",\"thumbnav_height\":\"75\",\"slidenav\":\"default\",\"slidenav_margin\":\"medium\",\"slidenav_breakpoint\":\"m\",\"overlay_position\":\"top\",\"overlay_animation\":\"parallax\",\"title_element\":\"h2\",\"meta_style\":\"h3\",\"meta_align\":\"below-title\",\"link_text\":\"View House\",\"link_style\":\"primary\",\"margin\":\"default\",\"slideshow_height\":\"\",\"text_color\":\"light\",\"slideshow_animation\":\"\",\"overlay_container\":\"default\",\"overlay_width\":\"xlarge\",\"overlay_parallax_x_start\":\"\",\"overlay_parallax_x_end\":\"\",\"title_style\":\"h2\",\"text_align\":\"center\",\"text_align_fallback\":\"center\",\"slideshow_autoplay\":false,\"slideshow_velocity\":0.59999999999999997779553950749686919152736663818359375,\"slidenav_outside_breakpoint\":\"xl\",\"image_width\":\"2560\",\"thumbnav_svg_color\":\"emphasis\",\"meta_element\":\"div\",\"slidenav_hover\":true,\"slideshow_ratio\":\"16:7\",\"slideshow_max_height\":\"680\",\"animation\":\"fade\",\"title_parallax_x_start\":\"-200\",\"title_parallax_x_end\":\"200\",\"title_parallax_opacity_start\":\"0\",\"title_parallax_opacity_end\":\"1\",\"meta_parallax_y_start\":\"-50\",\"meta_parallax_y_end\":\"0\",\"meta_parallax_opacity_start\":\"0\",\"meta_parallax_opacity_end\":\"1\",\"link_parallax_y_start\":\"50\",\"link_parallax_y_end\":\"0\",\"link_parallax_opacity_start\":\"0\",\"link_parallax_opacity_end\":\"1\",\"title_parallax_y_start\":\"\",\"title_parallax_y_end\":\"\",\"overlay_container_padding\":\"small\",\"overlay_parallax_y_start\":\"\",\"title_font_family\":\"primary\"},\"children\":[{\"type\":\"slideshow_item\",\"props\":{\"link_text\":\"\\u00dcber Uns\",\"image\":\"wp-content\\\/uploads\\\/2022\\\/05\\\/Slideshow1-Kopie-1.jpg\",\"meta\":\"Zentrum f\\u00fcr Orthop\\u00e4die und Unfallchirurgie\",\"link\":\"index.php?page_id=2115\",\"title\":\"Willkommen im MVZ an der Orangerie\",\"text_color\":\"dark\"}},{\"type\":\"slideshow_item\",\"props\":{\"title\":\"\",\"meta\":\"\",\"content\":\"\"}},{\"type\":\"slideshow_item\",\"props\":{\"content\":\"\",\"title\":\"\"}},{\"type\":\"slideshow_item\",\"props\":{\"title\":\"\"}}]},{\"type\":\"headline\",\"props\":{\"title_element\":\"h1\",\"content\":\"\"}},{\"type\":\"text\",\"props\":{\"margin\":\"default\",\"column_breakpoint\":\"m\",\"content\":\"\",\"text_size\":\"large\",\"text_align\":\"center\"}}]}]}]},{\"type\":\"section\",\"props\":{\"style\":\"default\",\"width\":\"large\",\"vertical_align\":\"middle\",\"title_position\":\"top-left\",\"title_rotation\":\"left\",\"title_breakpoint\":\"xl\",\"image_position\":\"center-center\",\"padding_remove_bottom\":false,\"width_expand\":\"right\",\"padding_remove_top\":false,\"image\":\"\",\"image_effect\":\"parallax\",\"image_parallax_bgy_start\":\"-50\",\"image_parallax_bgy_end\":\"50\",\"animation\":\"fade\"},\"children\":[{\"type\":\"row\",\"children\":[{\"type\":\"column\",\"props\":{\"position_sticky_breakpoint\":\"m\",\"image_position\":\"center-center\",\"media_overlay_gradient\":\"\"},\"children\":[{\"type\":\"headline\",\"props\":{\"title_element\":\"h2\",\"content\":\"Was macht uns zu Ihrem Orthop\\u00e4diespezialisten\",\"title_style\":\"h4\",\"animation\":\"slide-top-small\",\"title_decoration\":\"bullet\"}}]}]},{\"type\":\"row\",\"props\":{\"layout\":\"2-3,1-3\"},\"children\":[{\"type\":\"column\",\"props\":{\"image_position\":\"center-center\",\"media_overlay_gradient\":\"\",\"width_medium\":\"1-2\",\"position_sticky_breakpoint\":\"m\"},\"children\":[{\"type\":\"grid\",\"props\":{\"show_title\":true,\"show_meta\":true,\"show_content\":true,\"show_image\":true,\"show_link\":true,\"grid_default\":\"1\",\"grid_medium\":\"\",\"filter_style\":\"tab\",\"filter_all\":true,\"filter_position\":\"top\",\"filter_align\":\"left\",\"filter_grid_width\":\"auto\",\"filter_grid_breakpoint\":\"m\",\"title_hover_style\":\"reset\",\"title_element\":\"h3\",\"title_align\":\"top\",\"title_grid_width\":\"1-2\",\"title_grid_breakpoint\":\"m\",\"meta_style\":\"meta\",\"meta_align\":\"below-title\",\"meta_element\":\"div\",\"content_column_breakpoint\":\"m\",\"icon_width\":80,\"image_align\":\"top\",\"image_grid_width\":\"1-2\",\"image_grid_breakpoint\":\"m\",\"image_svg_color\":\"primary\",\"link_text\":\"Read more\",\"link_style\":\"default\",\"margin\":\"large\",\"item_animation\":true,\"grid_column_gap\":\"large\",\"content_margin\":\"small\",\"title_style\":\"h5\",\"grid_small\":\"2\",\"image_svg_inline\":true},\"children\":[{\"type\":\"grid_item\",\"props\":{\"title\":\"<b>Medizinische Kompetenz<\\\/b>\",\"content\":\"\n\n<p><span>Unsere Fach\\u00e4rzte verf\\u00fcgen \\u00fcber langj\\u00e4hrige Erfahrung in ihrem jeweiligen Fachgebiet. Sie sind nicht nur umfassend und detailliert ausgebildet, sondern bilden sich auch st\\u00e4ndig \\u00fcber neue medizinische Erkenntnisse fort. <\\\/span><\\\/p>\",\"image\":\"\"}},{\"type\":\"grid_item\",\"props\":{\"title\":\"<b>Geschultes Personal<\\\/b>\",\"content\":\"\n\n<p><span>Das Praxispersonal ist speziell\\u00a0<\\\/span><span>geschult und auf ihre jeweiligen\\u00a0<\\\/span><span>Aufgaben besonders vorbereitet\\u00a0<\\\/span><span>worden. Sie nehmen au\\u00dferdem an\\u00a0<\\\/span><span>fortlaufende\\u00a0<\\\/span><span>Weiterbildungsma\\u00dfnahmen teil. <\\\/span><\\\/p>\",\"image\":\"\"}},{\"type\":\"grid_item\",\"props\":{\"title\":\"<b>Zentrale Lage<\\\/b>\",\"content\":\"\n\n<p><span>Das MVZ an der Orangerie liegt im\\u00a0Herzen von Gotha und ist zu Fu\\u00df, mit dem Auto, mit der Stra\\u00dfenbahn oder dem Bus zentral zu erreichen.<\\\/span><\\\/p>\",\"image\":\"\"}},{\"type\":\"grid_item\",\"props\":{\"title\":\"<b>Nachhaltiges Handeln am Patienten<\\\/b>\",\"content\":\"\n\n<p><span>F\\u00fcr uns steht die Schmerzlinderung und die Verbesserung der Muskel- und Gelenkfunktion, bei unseren Patienten an erster Stelle.<\\\/span><\\\/p>\",\"image\":\"\"}}]}]},{\"type\":\"column\",\"props\":{\"image_position\":\"center-center\",\"media_overlay_gradient\":\"\",\"width_medium\":\"expand\",\"image\":\"\",\"class\":\"tm-logo-clippath-2\",\"position_sticky_breakpoint\":\"m\"},\"children\":[{\"type\":\"image\",\"props\":{\"margin\":\"default\",\"image_svg_color\":\"emphasis\",\"image\":\"wp-content\\\/uploads\\\/2022\\\/05\\\/Logo-Orangerie-Text.png\",\"position_right\":\"400\",\"text_align\":\"center\",\"parallax_y_start\":\"-50\",\"parallax_y_end\":\"50\",\"image_svg_inline\":true,\"image_height\":\"300\",\"animation\":\"slide-right-small\",\"visibility\":\"m\",\"position_top\":\"70\",\"maxwidth\":\"xlarge\",\"block_align\":\"center\"}}]}]}],\"name\":\"About\"},{\"type\":\"section\",\"props\":{\"style\":\"secondary\",\"width\":\"default\",\"vertical_align\":\"middle\",\"title_position\":\"top-left\",\"title_rotation\":\"left\",\"title_breakpoint\":\"xl\",\"image_position\":\"center-center\"},\"children\":[{\"type\":\"row\",\"props\":{\"layout\":\"1-2,1-2\"},\"children\":[{\"type\":\"column\",\"props\":{\"position_sticky_breakpoint\":\"m\",\"image_position\":\"center-center\",\"media_overlay_gradient\":\"\",\"width_medium\":\"1-2\"},\"children\":[{\"type\":\"image\",\"props\":{\"margin\":\"default\",\"image_svg_color\":\"emphasis\",\"image_border\":\"circle\",\"image\":\"wp-content\\\/uploads\\\/service-avatar.jpg\",\"image_height\":\"150\",\"text_align\":\"center\",\"status\":\"disabled\"}},{\"type\":\"headline\",\"props\":{\"title_element\":\"h3\",\"content\":\"\n\n<h4><br \\\/>Dr. med. Roger Machmerth<\\\/h4>\",\"text_align\":\"center\"}},{\"type\":\"quotation\",\"props\":{\"content\":\"\n\n<h5><strong>Facharzt f\\u00fcr Orthop\\u00e4die und Unfallchirurgie, Chirotherapie<\\\/strong><\\\/h5>\"}}]},{\"type\":\"column\",\"props\":{\"position_sticky_breakpoint\":\"m\",\"image_position\":\"center-center\",\"media_overlay_gradient\":\"\",\"width_medium\":\"1-2\"},\"children\":[{\"type\":\"image\",\"props\":{\"margin\":\"default\",\"image_svg_color\":\"emphasis\",\"image_border\":\"circle\",\"image\":\"wp-content\\\/uploads\\\/contact-team-02.jpg\",\"image_height\":\"150\",\"text_align\":\"center\",\"status\":\"disabled\"}},{\"type\":\"text\",\"props\":{\"margin\":\"default\",\"column_breakpoint\":\"m\",\"content\":\"\n\n<ul>\\n\n\n<li>\\n\n\n<h4>Dr. med. Astrid Liemen<br \\\/><strong>Fach\\u00e4rztin f\\u00fcr Orthop\\u00e4die und Unfallchirurgie<br \\\/><\\\/strong><\\\/h4>\\n<\\\/li>\\n<\\\/ul>\\n\n\n<p><\\\/p>\\n\n\n<ul>\\n\n\n<li>\\n\n\n<h4><strong><\\\/strong>Dr. med. Matthias Rudolph<br \\\/><strong>Facharzt f\\u00fcr Orthop\\u00e4die und Unfallchirurgie<\\\/strong><\\\/h4>\\n<\\\/li>\\n\n\n<li>\\n\n\n<h4><strong><\\\/strong>Ren\\u00e9 Reimann<br \\\/><strong>Arzt f\\u00fcr Orthop\\u00e4die und Unfallchirurgie in Weiterbildung<\\\/strong><\\\/h4>\\n<\\\/li>\\n<\\\/ul>\"}},{\"type\":\"headline\",\"props\":{\"title_element\":\"h3\",\"content\":\"\",\"text_align\":\"center\"}},{\"type\":\"quotation\",\"props\":{\"content\":\"\",\"text_align\":\"center\"}}]}]}]},{\"type\":\"section\",\"props\":{\"style\":\"default\",\"width\":\"large\",\"vertical_align\":\"middle\",\"title_position\":\"top-left\",\"title_rotation\":\"left\",\"title_breakpoint\":\"xl\",\"image_position\":\"center-center\",\"padding_remove_bottom\":false},\"children\":[{\"name\":\"\",\"type\":\"row\",\"children\":[{\"name\":\"\",\"type\":\"column\",\"props\":{\"image_position\":\"center-center\",\"media_overlay_gradient\":\"\",\"width_medium\":\"\",\"vertical_align\":\"middle\",\"position_sticky_breakpoint\":\"m\"},\"children\":[{\"name\":\"\",\"type\":\"headline\",\"props\":{\"title_element\":\"h2\",\"content\":\"Unsere Diagnostik\",\"text_align_fallback\":\"center\",\"block_align\":\"center\",\"title_style\":\"h4\",\"title_decoration\":\"bullet\"}}]}],\"props\":{\"width\":\"large\"}},{\"type\":\"row\",\"children\":[{\"type\":\"column\",\"props\":{\"image_position\":\"center-center\",\"media_overlay_gradient\":\"\",\"position_sticky_breakpoint\":\"m\"},\"children\":[{\"type\":\"grid\",\"props\":{\"show_title\":true,\"show_meta\":true,\"show_content\":true,\"show_image\":true,\"show_link\":true,\"grid_default\":\"1\",\"grid_medium\":\"2\",\"filter_style\":\"tab\",\"filter_all\":true,\"filter_position\":\"top\",\"filter_align\":\"left\",\"filter_grid_width\":\"auto\",\"filter_grid_breakpoint\":\"m\",\"title_hover_style\":\"reset\",\"title_element\":\"h3\",\"title_align\":\"top\",\"title_grid_width\":\"1-2\",\"title_grid_breakpoint\":\"m\",\"meta_style\":\"meta\",\"meta_align\":\"below-title\",\"meta_element\":\"div\",\"content_column_breakpoint\":\"m\",\"icon_width\":80,\"image_align\":\"top\",\"image_grid_width\":\"1-2\",\"image_grid_breakpoint\":\"m\",\"image_svg_color\":\"emphasis\",\"link_text\":\"Read more\",\"link_style\":\"default\",\"margin\":\"default\",\"item_animation\":true,\"panel_link\":false},\"children\":[{\"type\":\"grid_item\",\"props\":{\"title\":\"Radiologische Einheit\",\"content\":\"\n\n<p><span>Die digitale R\\u00f6ntgenuntersuchung ist und bleibt grunds\\u00e4tzlich das wichtigste Verfahren zur Beurteilung des Knochens. Auf dem R\\u00f6ntgenbild k\\u00f6nnen sowohl Frakturen (Br\\u00fcche) als auch Gelenksch\\u00e4den und degenerative Ver\\u00e4nderungen des Knochenmaterials einfach und schnell erkannt werden. Aber auch rheumatologische Prozesse k\\u00f6nnen mithilfe einer R\\u00f6ntgenaufnahme beurteilt werden.<\\\/span><br \\\/><span>Wir verf\\u00fcgen \\u00fcber eine eigene digitale neue R\\u00f6ntgenanlage.<\\\/span><\\\/p>\"}},{\"type\":\"grid_item\",\"props\":{\"title\":\"Knochendichtemessung\",\"content\":\"\n\n<div jsname=\\\"bVEB4e\\\" class=\\\"wWOJcd\\\" aria-controls=\\\"exacc_eSaKYvDlNYXd7_UP4vix0AQ2\\\" aria-expanded=\\\"true\\\" aria-labelledby=\\\"exacc_eSaKYvDlNYXd7_UP4vix0AQ1\\\" role=\\\"button\\\" jsaction=\\\"AWEk5c\\\" tabindex=\\\"0\\\">\\n\n\n<div jsname=\\\"K8Pnod\\\" class=\\\"r21Kzd\\\" data-hveid=\\\"CEUQAQ\\\" data-ved=\\\"2ahUKEwiwhuWMiPP3AhWF7rsIHWJ8DEoQuk56BAhFEAE\\\"><span>Eine bekannte Knochenkrankheit ist beispielsweise Osteoporose. Dabei verringert sich Knochenmasse und kann deshalb in zunehmendem Ausma\\u00df zu Frakturen (Br\\u00fcchen) f\\u00fchren. Mit unserem modernen Knochenmessscanner kann das individuelle Osteoporose-Risiko ermittelt werden. <\\\/span><\\\/div>\\n\n\n<div jsname=\\\"K8Pnod\\\" data-hveid=\\\"CEUQAQ\\\" data-ved=\\\"2ahUKEwiwhuWMiPP3AhWF7rsIHWJ8DEoQuk56BAhFEAE\\\"><\\\/div>\\n\n\n<div jsname=\\\"K8Pnod\\\" class=\\\"r21Kzd\\\" data-hveid=\\\"CEUQAQ\\\" data-ved=\\\"2ahUKEwiwhuWMiPP3AhWF7rsIHWJ8DEoQuk56BAhFEAE\\\"><span><br \\\/>Durch vorbeugende Ma\\u00dfnahmen und durch ein rechtzeitiges Eingreifen k\\u00f6nnen bleibende Sch\\u00e4den und dauerhafte Schmerzen vermieden werden.<\\\/span><\\\/div>\\n<\\\/div>\"}}]}]}],\"props\":{\"margin_remove_top\":false,\"margin\":\"default\"}}],\"name\":\"Spezialisierungen\"}],\"version\":\"2.7.22\"} --><\/p>\n","protected":false},"excerpt":{"rendered":"<p>Willkommen im MVZ an der Orangerie Zentrum f\u00fcr Orthop\u00e4die und Unfallchirurgie \u00dcber Uns Was macht uns zu Ihrem Orthop\u00e4diespezialisten Medizinische Kompetenz Unsere Fach\u00e4rzte verf\u00fcgen \u00fcber langj\u00e4hrige Erfahrung in ihrem jeweiligen Fachgebiet. Sie sind nicht nur umfassend und detailliert ausgebildet, sondern bilden sich auch st\u00e4ndig \u00fcber neue medizinische Erkenntnisse fort. Geschultes Personal Das Praxispersonal ist speziell\u00a0geschult [&hellip;]<\/p>\n","protected":false},"author":1,"featured_media":0,"parent":0,"menu_order":10,"comment_status":"open","ping_status":"open","template":"","meta":{"footnotes":""},"class_list":["post-1","page","type-page","status-publish","hentry"],"aioseo_notices":[],"_links":{"self":[{"href":"https:\/\/www.mvz-orangerie.de\/index.php?rest_route=\/wp\/v2\/pages\/1","targetHints":{"allow":["GET"]}}],"collection":[{"href":"https:\/\/www.mvz-orangerie.de\/index.php?rest_route=\/wp\/v2\/pages"}],"about":[{"href":"https:\/\/www.mvz-orangerie.de\/index.php?rest_route=\/wp\/v2\/types\/page"}],"author":[{"embeddable":true,"href":"https:\/\/www.mvz-orangerie.de\/index.php?rest_route=\/wp\/v2\/users\/1"}],"replies":[{"embeddable":true,"href":"https:\/\/www.mvz-orangerie.de\/index.php?rest_route=%2Fwp%2Fv2%2Fcomments&post=1"}],"version-history":[{"count":181,"href":"https:\/\/www.mvz-orangerie.de\/index.php?rest_route=\/wp\/v2\/pages\/1\/revisions"}],"predecessor-version":[{"id":2462,"href":"https:\/\/www.mvz-orangerie.de\/index.php?rest_route=\/wp\/v2\/pages\/1\/revisions\/2462"}],"wp:attachment":[{"href":"https:\/\/www.mvz-orangerie.de\/index.php?rest_route=%2Fwp%2Fv2%2Fmedia&parent=1"}],"curies":[{"name":"wp","href":"https:\/\/api.w.org\/{rel}","templated":true}]}}